{"id":3497,"date":"2023-11-07T09:06:07","date_gmt":"2023-11-07T09:06:07","guid":{"rendered":"https:\/\/panbarcos.es\/?page_id=3497"},"modified":"2023-11-07T09:10:13","modified_gmt":"2023-11-07T09:10:13","slug":"condiciones-de-uso","status":"publish","type":"page","link":"https:\/\/panbarcos.es\/en\/condiciones-de-uso\/","title":{"rendered":"Terms of Use"},"content":{"rendered":"\n[et_pb_section fb_built=\u00bb1&#8243; theme_builder_area=\u00bbpost_content\u00bb _builder_version=\u00bb4.23&#8243; _module_preset=\u00bbdefault\u00bb][et_pb_row _builder_version=\u00bb4.20.0&#8243; _module_preset=\u00bbdefault\u00bb global_colors_info=\u00bb{}\u00bb locked=\u00bboff\u00bb theme_builder_area=\u00bbpost_content\u00bb][et_pb_column type=\u00bb4_4&#8243; _builder_version=\u00bb4.20.0&#8243; _module_preset=\u00bbdefault\u00bb global_colors_info=\u00bb{}\u00bb theme_builder_area=\u00bbpost_content\u00bb][et_pb_text _builder_version=\u00bb4.23&#8243; _module_preset=\u00bbdefault\u00bb hover_enabled=\u00bb0&#8243; global_colors_info=\u00bb{}\u00bb theme_builder_area=\u00bbpost_content\u00bb sticky_enabled=\u00bb0&#8243;]<p>&nbsp;<\/p>\n<h1 style=\"text-align: center;\"><strong><u>CONDICIONES DE USO LSSI FELIX BARCOS ALONSO<\/u><\/strong><\/h1>\n<h3 style=\"text-align: center;\"><strong>https:\/\/www.panbarcos.es\/<\/strong><strong>\u00a0<\/strong><\/h3>\n<p><strong>\u00a0<\/strong><\/p>\n<p>En cumplimiento con el deber de informaci\u00f3n recogido en art\u00edculo 10 de la Ley 34\/2002, de 11 de Julio, de Servicios de la Sociedad de la Informaci\u00f3n y del Comercio Electr\u00f3nico, le informamos que el Sitio Web https:\/\/www.panbarcos.es\/\u00a0 (en adelante, la \u201cWeb\u201d) es titularidad de FELIX BARCOS ALONSO, con domicilio social en Carretera de Tafalla, SN, , 31350, Peralta, Navarra, con NIF 15792823B<\/p>\n<p>&nbsp;<\/p>\n<h2 style=\"text-align: center;\"><strong>CONDICIONES DE USO<\/strong><\/h2>\n<p><strong><u>CONDICIONES DE COMPRA Y CONTRATACI\u00d3N<\/u><\/strong><\/p>\n<p>Las presentes Condiciones describen los t\u00e9rminos aplicables a los servicios y contenidos ofrecidos a trav\u00e9s del sitio web https:\/\/www.panbarcos.es\/ y regulan las relaciones jur\u00eddicas entre FELIX BARCOS ALONSO y el cliente.<\/p>\n<p>El acceso a la web es de car\u00e1cter libre y gratuito, la utilizaci\u00f3n de la Web supone la aceptaci\u00f3n sin reservas de la totalidad de las Condiciones de Uso. Si no estuvieras de acuerdo con estas condiciones debes abstenerte de utilizar esta p\u00e1gina.<\/p>\n<p>La visita al sitio eCommerce por parte del usuario deber\u00e1 hacerse de forma responsable y de conformidad a la legalidad vigente, la buena fe, las presentes Condiciones y respetando los derechos de propiedad intelectual e industrial de titularidad de FELIX BARCOS ALONSO o cualquier otras personas f\u00edsicas o jur\u00eddicas.<\/p>\n<p>El uso de cualquiera de los contenidos del sitio Web con finalidades que sean o pudieran ser il\u00edcitas queda totalmente prohibido, as\u00ed como la realizaci\u00f3n de cualquier acci\u00f3n que cause o pueda causar da\u00f1os o alteraciones de cualquier tipo no consentidas por FELIX BARCOS ALONSO, al sitio eCommerce o a sus contenidos.<\/p>\n<p>El sitio Web y los productos y servicios ofrecidos por FELIX BARCOS ALONSO est\u00e1 dirigido a mayores de edad con la capacidad jur\u00eddica suficiente para poder quedar vinculado por las presentes Condiciones de Uso. Es posible que la utilizaci\u00f3n de ciertos servicios o la contrataci\u00f3n de algunos bienes o servicios est\u00e9n sujeto a condiciones especiales complementarias que requerir\u00e1n el consentimiento expreso y que prevalecer\u00e1n en todo caso sobre las presentes condiciones generales.<\/p>\n<p>A continuaci\u00f3n se expone el documento contractual que regir\u00e1 la contrataci\u00f3n de productos y servicios a trav\u00e9s del sitio web https:\/\/www.panbarcos.es\/ propiedad de <strong>FELIX BARCOS ALONSO <\/strong>La aceptaci\u00f3n del presente documento conlleva que el usuario:<\/p>\n<p>&nbsp;<\/p>\n<ul>\n<li>Ha le\u00eddo, entiende y comprende lo aqu\u00ed expuesto.<\/li>\n<li>Que es una persona con capacidad suficiente para contratar.<\/li>\n<li>Que asume todas las obligaciones aqu\u00ed dispuestas.<\/li>\n<\/ul>\n<p>&nbsp;<\/p>\n<p>Las presentes condiciones tendr\u00e1n un periodo de validez indefinido y ser\u00e1n aplicables a todas las contrataciones realizadas a trav\u00e9s del sitio web https:\/\/www.panbarcos.es\/ del prestador.<\/p>\n<p>&nbsp;<\/p>\n<p>El prestador se reserva el derecho de modificar unilateralmente dichas Condiciones, sin que ello pueda afectar a los bienes o promociones que fueron adquiridos previamente a la modificaci\u00f3n.<\/p>\n<p>&nbsp;<\/p>\n<p><strong><u>IDENTIDAD DE LAS PARTES<\/u><\/strong><\/p>\n<p>Por una parte, el proveedor de los bienes o servicios contratados por el usuario es FELIX BARCOS ALONSO, con domicilio social en Carretera de Tafalla, SN, , 31350, Peralta, Navarra con CIF 15792823B y con tel\u00e9fono de atenci\u00f3n al cliente <strong>948 750 453<\/strong>, y de otra,\u00a0 El usuario, registrado en el sitio web mediante un nombre de usuario y contrase\u00f1a, sobre los que tiene responsabilidad plena de uso y custodia, siendo responsable de la veracidad de los datos personales facilitados al prestador. Para acceder y utilizar el servicio de compra online, debe haber alcanzado la mayor\u00eda de edad establecida por el orden jur\u00eddico vigente en Espa\u00f1a.<\/p>\n<p><strong><u>OBJETO DEL CONTRATO<\/u><\/strong><\/p>\n<p>El presente contrato tiene por objeto regular la relaci\u00f3n contractual de compra venta nacida entre el prestador y el usuario en el momento en que \u00e9ste realiza el proceso de contrataci\u00f3n online.<\/p>\n<p>La relaci\u00f3n contractual de compraventa conlleva la entrega, a cambio de un precio determinado y p\u00fablicamente expuesto a trav\u00e9s del sitio web, de un producto o servicio concreto.<\/p>\n<p>&nbsp;<\/p>\n<p><strong><u>PROCEDIMIENTO DE CONTRATACI\u00d3N<\/u><\/strong><\/p>\n<p>El procedimiento de contrataci\u00f3n \u00fanicamente podr\u00e1 ser realizado en el idioma castellano. En caso de que pudiera llevarse a cabo en otro idioma ser\u00e1 indicado antes de iniciar el procedimiento de contrataci\u00f3n.<\/p>\n<p>El usuario para poder acceder a los servicios ofrecidos por el prestador, deber\u00e1 darse de alta a trav\u00e9s del sitio web https:\/\/www.panbarcos.es\/ mediante la creaci\u00f3n de una cuenta de usuario. Para ello, el usuario deber\u00e1 proporcionar de manera libre y voluntaria los datos personales que le ser\u00e1n requeridos.<\/p>\n<p>El usuario seleccionar\u00e1 un nombre de usuario y una contrase\u00f1a, comprometi\u00e9ndose a hacer uso diligente de los mismos, y no ponerlos a disposici\u00f3n de terceros, as\u00ed como a comunicar al prestador la p\u00e9rdida o robo de los mismos o del posible acceso por un tercero no autorizado, de tal forma que \u00e9ste proceda al bloqueo inmediato.<\/p>\n<p>El usuario no podr\u00e1 elegir como nombre de usuario palabras que tengan como fin, el confundir a otros por identificar a \u00e9ste como miembro integrante del prestador, as\u00ed como expresiones malsonantes, injuriosas y en general, contrarias a la ley o a las exigencias de la moral y buenas costumbres.<\/p>\n<p>Una vez ha sido creada la cuenta de usuario, se informa que de conformidad con lo exigido por el art. 27 de la Ley 34\/2002 de Servicios de la Sociedad de la Informaci\u00f3n y del Comercio Electr\u00f3nico, el procedimiento de contrataci\u00f3n seguir\u00e1 los siguientes pasos:<\/p>\n<p>Seleccione el\/los producto\/s que m\u00e1s le interesa y pulse en \u201cA\u00f1adir al carrito\u201d<\/p>\n<p>&nbsp;<\/p>\n<ul>\n<li>Una vez haya terminado de elegir los productos, pulse en confirmar en la secci\u00f3n del carrito<\/li>\n<li>Acceda o cree una cuenta de usuario<\/li>\n<li>Consulte, a\u00f1ada y\/o confirme la direcci\u00f3n de env\u00edo<\/li>\n<li>Seleccione el tipo de env\u00edo que desea<\/li>\n<li>Revise y confirme los datos de la compra<\/li>\n<li>Realice el pago mediante una de las opciones disponibles<\/li>\n<li>Si ha elegido transferencia bancaria, recibir\u00e1 un correo electr\u00f3nico con los datos de la transferencia que debe efectuar.<\/li>\n<\/ul>\n<p>&nbsp;<\/p>\n<p>En todo caso la plataforma de contrataci\u00f3n del prestador informar\u00e1 al usuario, una vez finalizado el procedimiento de contrataci\u00f3n, v\u00eda correo electr\u00f3nico respecto a todas las caracter\u00edsticas, precio, formas de transporte, fecha de contrataci\u00f3n y estimaci\u00f3n de entrega del producto o servicio contratado.<\/p>\n<p><strong>COBERTURA GEOGR\u00c1FICA: <\/strong>Usted podr\u00e1 conocer si damos servicio en su domicilio registr\u00e1ndose como cliente llamando al tel\u00e9fono 948 750 453 de Lunes a Viernes de 9:00 h 18:30h.<\/p>\n<p><strong>HORARIO PARA HACER MI COMPRA: <\/strong>Dispone de 24 horas al d\u00eda 365 d\u00edas a\u00f1o para hacer su compra, desde cualquier ordenador con acceso a Internet cumpliendo los requisitos t\u00e9cnicos especificados.<\/p>\n<p><strong><u>FORMA DE PAGO<\/u><\/strong><\/p>\n<p>La adquisici\u00f3n de servicios o productos a trav\u00e9s de https:\/\/www.panbarcos.es\/ permite las siguientes formas de pago:<\/p>\n<ul>\n<li>Pago mediante tarjeta de d\u00e9bito o cr\u00e9dito a trav\u00e9s de un TPV virtual.<\/li>\n<li>Pago por Paypal.<\/li>\n<li>Pago mediante contra-reembolso.<\/li>\n<li>Pago mediante vales o cheques regalo.<\/li>\n<\/ul>\n<p><strong><u>PRECIOS<\/u><\/strong><\/p>\n<p>Los precios de los productos son los indicados en la descripci\u00f3n que se les adjunta. Todos los precios indicados en la descripci\u00f3n de producto se expresan en la moneda Euro (\u20ac) e incluyen el Impuesto sobre el Valor A\u00f1adido (I.V.A.).<\/p>\n<p><strong><u>ENTREGA DE PEDIDOS<\/u><\/strong><\/p>\n<p>La entrega de los pedidos se realizar\u00e1 en el domicilio de entrega designado libremente por el usuario. De tal forma, el prestador no asume responsabilidad alguna por cuando la entrega del producto o servicio no llegue a realizarse como consecuencia de que los datos facilitados por el usuario sean falsos, inexactos o incompletos o cuando la entrega no pueda efectuarse por causas ajenas a la empresa de env\u00edos, asignada para tal efecto, como lo es la ausencia del destinatario.<\/p>\n<p>Si en el momento de la recepci\u00f3n del pedido alg\u00fan producto llega en mal estado, el usuario deber\u00e1 hacer llegar a la tienda o a nuestro email atc@gabarcos.es dentro de las 24h siguiente, bien por correo electr\u00f3nico, por tel\u00e9fono, las im\u00e1genes y detalles necesarios para la justificaci\u00f3n del problema. La tienda realizar\u00e1 las comprobaciones necesarias y tomara las medidas consecuentes, haciendo un vale del importe del producto o una devoluci\u00f3n de su importe en el caso que sea responsabilidad suya o de la empresa de transporte.<\/p>\n<p>Sin perjuicio de lo anterior el prestador deber\u00e1 adoptar las medidas exigidas a un comerciante diligente para que la entrega pueda efectuarse en el tiempo acordado, y de no ser as\u00ed, lo antes posible, a satisfacci\u00f3n del remitente como del destinatario, por lo que no podr\u00e1 imputarse responsabilidad alguna en contra del prestador.<\/p>\n<p>&nbsp;<\/p>\n<p><strong><u>PRECIO Y PLAZO DE VALIDEZ DE LA OFERTA<\/u><\/strong><\/p>\n<p>Los precios que se indican respecto a cada producto incluyen el Impuesto sobre el Valor A\u00f1adido (IVA) y en todo caso se expresar\u00e1n en la moneda Euro (\u20ac). Dichos gastos, salvo que se indique expresamente lo contrario, no incluyen los gastos de env\u00edo, manipulaci\u00f3n, envoltorio, seguro de env\u00edos o cualesquiera otros servicios adicionales y anexos al producto o servicio adquirido.<\/p>\n<p>Los precios aplicables a cada producto ser\u00e1n los publicados en el sitio web https:\/\/www.panbarcos.es\/ y aplicados de forma autom\u00e1tica por el proceso de contrataci\u00f3n en la \u00faltima fase del mismo. El cliente asume que en todo caso la valoraci\u00f3n econ\u00f3mica de algunos de los productos podr\u00e1 variar en tiempo real. En todo caso esto ser\u00e1 siempre comunicado previamente a los usuarios.<\/p>\n<p>Todo pago realizado al prestador conllevar\u00e1 la emisi\u00f3n de una factura a nombre del usuario registrado. Dicha factura ser\u00e1 autom\u00e1ticamente remitida a la direcci\u00f3n de correo electr\u00f3nico proporcionada por el usuario, as\u00ed como enviada junto al producto adquirido.<\/p>\n<p>Para cualquier informaci\u00f3n sobre el pedido, el usuario contar\u00e1 con el tel\u00e9fono de atenci\u00f3n a clientes del prestador que es <strong>948 750 453 <\/strong>o v\u00eda correo electr\u00f3nico a la direcci\u00f3n de e-mail atc@gabarcos.es<\/p>\n<p><strong><u>POLITICA DE DEVOLUCIONES<\/u><\/strong><\/p>\n<p>Seg\u00fan lo dispuesto en el art\u00edculo 4 del Real Decreto 1905\/99, de 17 de diciembre, el cliente dispondr\u00e1 de 24 Horas para la devoluci\u00f3n de los productos perecederos sin penalizaci\u00f3n alguna a su cargo. Este derecho de devoluci\u00f3n se limita a un m\u00e1ximo de 24 horas a contar desde la entrega o la recogida de la compra.<\/p>\n<p>Quedan exceptuados del derecho de desistimiento los contratos de suministro de productos confeccionados conforme a las especificaciones del consumidor y usuario o claramente personalizados, o que, por su naturaleza, no puedan ser devueltos o puedan deteriorarse o caducar con rapidez.<\/p>\n<p>La devoluci\u00f3n de los productos se har\u00e1 en el mismo envase en el que se recibi\u00f3 ya adecuando este al volumen devuelto para que en el traslado no sufra deterioro. Una vez recibido el producto se comprobar\u00e1 el estado del mismo y si corresponde, se abonar\u00e1 el importe del mismo por el mismo medio en el que realiz\u00f3 el pago.<\/p>\n<p>Los gastos de env\u00edo de devoluci\u00f3n corren por cuenta del cliente siempre y cuando esta devoluci\u00f3n sea por motivos que no competen a nuestro est\u00e1ndar de calidad. Si la devoluci\u00f3n se origina por un mal estado del producto, previa autorizaci\u00f3n de Frutas Valverde, se dar\u00e1 orden de recogida en su domicilio sin ning\u00fan coste para el cliente.<\/p>\n<p>No se admiten devoluciones pasadas 24h de la recepci\u00f3n de su pedido.<\/p>\n<p>Para cualquier anomal\u00eda en el pedido deber\u00e1 informarnos previamente por e-mail a la siguiente direcci\u00f3n: atc@gabarcos.es<\/p>\n<p>De esta forma, ejecutaremos la orden de recogida de su pedido y podremos llevar a cabo un control exhaustivo de la devoluci\u00f3n.<\/p>\n<p>El reembolso de su dinero se efectuar\u00e1 en un plazo m\u00e1ximo de treinta d\u00edas, si bien la mayor\u00eda de los reembolsos se efect\u00faa en diez d\u00edas. Rogamos incluya todos y cada uno de los elementos y embalajes que le han sido suministrados.<\/p>\n<p><strong><u>SEGURIDAD EN LAS TRANSACCIONES<\/u><\/strong><\/p>\n<p>El objetivo de solicitar sus datos nos permite tramitar su pedido, FELIX BARCOS ALONSO le garantiza que sus datos viajan en una conexi\u00f3n segura, encriptada y protegida seg\u00fan protocolo (SSL). Secure Socket Layers.<\/p>\n<p>&nbsp;<\/p>\n<p><strong><u>GARANT\u00cdAS APLICABLES<\/u><\/strong><\/p>\n<p>Todos los productos ofertados a trav\u00e9s del sitio web https:\/\/www.panbarcos.es\/ son completamente originales, salvo que se indique lo contrario en su descripci\u00f3n.<\/p>\n<p>&nbsp;<\/p>\n<p>&nbsp;<\/p>\n<p><strong><u>LEY APLICABLE Y JURISDICI\u00d3N<\/u><\/strong><\/p>\n<p>Estas condiciones se regir\u00e1n o interpretar\u00e1n conforme a la legislaci\u00f3n espa\u00f1ola en aquello que no est\u00e9 expresamente establecido. El prestador y el usuario, acuerdan someter cualquier controversia que pudiera suscitarse de la prestaci\u00f3n de los productos o servicios objeto de \u00e9stas Condiciones, a los Juzgados y Tribunales del domicilio del usuario.<\/p>\n<p>&nbsp;<\/p>\n<p>En el caso de que el usuario tenga su domicilio fuera de Espa\u00f1a, el prestador y el usuario, renuncian expresamente a cualquier otro foro, someti\u00e9ndose a los Juzgados y Tribunales de la ciudad de Madrid \u00a0Comunidad de Madrid (Espa\u00f1a).<\/p>\n<p><strong><u>POLITICA DE PRIVACIDAD<\/u><\/strong><\/p>\n<p>Al aceptar los t\u00e9rminos de servicio das a entender que conoces la pol\u00edtica de privacidad de <strong>FELIX BARCOS ALONSO <\/strong>y la aceptas sin reservas. Puedes consultar la pol\u00edtica de privacidad https:\/\/www.panbarcos.es\/<\/p>\n<p>&nbsp;<\/p>\n<p><strong><u>AVISO LEGAL<\/u><\/strong><\/p>\n<p>Puedes consultar el aviso legal donde se regula el uso y utilizaci\u00f3n de la web https:\/\/www.panbarcos.es\/<\/p>\n<p>&nbsp;<\/p>\n<p>&nbsp;<\/p>\n<p>&nbsp;<\/p>\n<p>&nbsp;<\/p>\n<p>&nbsp;<\/p>[\/et_pb_text][\/et_pb_column][\/et_pb_row][\/et_pb_section]\n","protected":false},"excerpt":{"rendered":"<p>&nbsp; CONDICIONES DE USO LSSI FELIX BARCOS ALONSO https:\/\/www.panbarcos.es\/\u00a0 \u00a0 En cumplimiento con el deber de informaci\u00f3n recogido en art\u00edculo 10 de la Ley 34\/2002, de 11 de Julio, de Servicios de la Sociedad de la Informaci\u00f3n y del Comercio Electr\u00f3nico, le informamos que el Sitio Web https:\/\/www.panbarcos.es\/\u00a0 (en adelante, la \u201cWeb\u201d) es titularidad de [&hellip;]<\/p>\n","protected":false},"author":2,"featured_media":0,"parent":0,"menu_order":0,"comment_status":"closed","ping_status":"closed","template":"","meta":{"_et_pb_use_builder":"on","_et_pb_old_content":"","_et_gb_content_width":"","footnotes":""},"class_list":["post-3497","page","type-page","status-publish","hentry"],"_links":{"self":[{"href":"https:\/\/panbarcos.es\/en\/wp-json\/wp\/v2\/pages\/3497","targetHints":{"allow":["GET"]}}],"collection":[{"href":"https:\/\/panbarcos.es\/en\/wp-json\/wp\/v2\/pages"}],"about":[{"href":"https:\/\/panbarcos.es\/en\/wp-json\/wp\/v2\/types\/page"}],"author":[{"embeddable":true,"href":"https:\/\/panbarcos.es\/en\/wp-json\/wp\/v2\/users\/2"}],"replies":[{"embeddable":true,"href":"https:\/\/panbarcos.es\/en\/wp-json\/wp\/v2\/comments?post=3497"}],"version-history":[{"count":0,"href":"https:\/\/panbarcos.es\/en\/wp-json\/wp\/v2\/pages\/3497\/revisions"}],"wp:attachment":[{"href":"https:\/\/panbarcos.es\/en\/wp-json\/wp\/v2\/media?parent=3497"}],"curies":[{"name":"wp","href":"https:\/\/api.w.org\/{rel}","templated":true}]}}