{"id":3234,"date":"2023-02-20T15:45:45","date_gmt":"2023-02-20T15:45:45","guid":{"rendered":"https:\/\/panbarcos.es\/?page_id=3234"},"modified":"2025-03-11T15:46:21","modified_gmt":"2025-03-11T15:46:21","slug":"politica-de-privacidad-formularios","status":"publish","type":"page","link":"https:\/\/panbarcos.es\/en\/politica-de-privacidad-formularios\/","title":{"rendered":"Pol\u00edtica de Privacidad formularios"},"content":{"rendered":"<p>[et_pb_section fb_built=\u00bb1&#8243; _builder_version=\u00bb4.20.0&#8243; _module_preset=\u00bb2ad2d4fe-9892-43d4-82ea-c272734a16ae\u00bb background_image=\u00bbhttps:\/\/panbarcos.es\/wp-content\/uploads\/2023\/02\/panbarcos-linea2.webp\u00bb custom_padding=\u00bb50px||50px||false|false\u00bb global_colors_info=\u00bb{}\u00bb][et_pb_row _builder_version=\u00bb4.19.5&#8243; _module_preset=\u00bb4e4565fb-972e-4828-843d-a879fbc41c49&#8243; global_colors_info=\u00bb{}\u00bb][et_pb_column type=\u00bb4_4&#8243; _builder_version=\u00bb4.19.5&#8243; _module_preset=\u00bbdefault\u00bb global_colors_info=\u00bb{}\u00bb][et_pb_text _builder_version=\u00bb4.20.0&#8243; _module_preset=\u00bbdefault\u00bb header_font=\u00bb|300|||||||\u00bb header_text_align=\u00bbcenter\u00bb header_text_color=\u00bb#FFFFFF\u00bb header_font_size=\u00bb60px\u00bb header_font_size_tablet=\u00bb50px\u00bb header_font_size_phone=\u00bb30px\u00bb header_font_size_last_edited=\u00bbon|tablet\u00bb header_line_height_tablet=\u00bb\u00bb header_line_height_phone=\u00bb1.3em\u00bb header_line_height_last_edited=\u00bbon|phone\u00bb header_text_shadow_style=\u00bbpreset3&#8243; global_colors_info=\u00bb{}\u00bb]<\/p>\n<h1>Pol\u00edtica de privacidad<\/h1>\n<p>[\/et_pb_text][\/et_pb_column][\/et_pb_row][\/et_pb_section][et_pb_section fb_built=\u00bb1&#8243; custom_padding_last_edited=\u00bbon|phone\u00bb _builder_version=\u00bb4.19.5&#8243; _module_preset=\u00bbdefault\u00bb custom_padding=\u00bb50px||50px||false|false\u00bb custom_padding_tablet=\u00bb25px||25px||false|false\u00bb custom_padding_phone=\u00bb25px||25px||false|false\u00bb animation_style=\u00bbslide\u00bb animation_direction=\u00bbbottom\u00bb global_colors_info=\u00bb{}\u00bb][et_pb_row _builder_version=\u00bb4.20.0&#8243; _module_preset=\u00bbdefault\u00bb global_colors_info=\u00bb{}\u00bb][et_pb_column type=\u00bb4_4&#8243; _builder_version=\u00bb4.20.0&#8243; _module_preset=\u00bbdefault\u00bb global_colors_info=\u00bb{}\u00bb][et_pb_text _builder_version=\u00bb4.23&#8243; _module_preset=\u00bbdefault\u00bb global_colors_info=\u00bb{}\u00bb]<\/p>\n<p><strong><u>POL\u00cdTICA DE PRIVACIDAD<\/u><\/strong><\/p>\n<p><strong><u>\u00a0<\/u><\/strong><\/p>\n<p>A continuaci\u00f3n le indicamos los detalles referidos a los distintos tratamientos de datos personales que realizamos en <strong>FELIX BARCOS ALONSO <\/strong><\/p>\n<p>6.1. Tratamiento de los datos <u>personales de Usuarios<\/u><\/p>\n<p>&nbsp;<\/p>\n<table>\n<tbody>\n<tr>\n<td colspan=\"2\" width=\"430\"><strong>Informaci\u00f3n B\u00e1sica sobre Protecci\u00f3n de Datos<\/strong><\/td>\n<\/tr>\n<tr>\n<td width=\"123\">Responsable:<\/td>\n<td width=\"308\"><strong>FELIX BARCOS ALONSO<\/strong><\/td>\n<\/tr>\n<tr>\n<td width=\"123\">\n<p>Finalidad:<\/p>\n<p>&nbsp;<\/p>\n<p>&nbsp;<\/p>\n<p>&nbsp;<\/p>\n<\/td>\n<td width=\"308\">\n<p>&nbsp;<\/p>\n<p>&nbsp;<\/p>\n<p>Prestar los servicios solicitados y atender sus solicitudes de contacto a trav\u00e9s de\u00a0 nuestros formularios de la p\u00e1gina web: https:\/\/www.panbarcos.es\/ as\u00ed como el env\u00edo de comunicaciones comerciales y newsletter informativo.<\/p>\n<\/td>\n<\/tr>\n<tr>\n<td width=\"123\">\n<p>Legitimaci\u00f3n:<\/p>\n<p>&nbsp;<\/p>\n<\/td>\n<td width=\"308\">\n<p>&nbsp;<\/p>\n<ul>\n<li>Ejecuci\u00f3n de un contrato.<\/li>\n<li>Consentimiento del interesado<\/li>\n<li>Inter\u00e9s legitimo.<\/li>\n<\/ul>\n<\/td>\n<\/tr>\n<tr>\n<td width=\"123\">Destinatarios:<\/td>\n<td width=\"308\">No se ceder\u00e1n datos a terceros, salvo obligaci\u00f3n legal.<\/td>\n<\/tr>\n<tr>\n<td width=\"123\">\n<p>Derechos:<\/p>\n<p>&nbsp;<\/p>\n<p>&nbsp;<\/p>\n<p>&nbsp;<\/p>\n<\/td>\n<td width=\"308\">\n<p>&nbsp;<\/p>\n<p>Tiene derecho a acceder, rectificar y suprimir los datos, as\u00ed como otros derechos, indicados en la informaci\u00f3n adicional, que puede ejercer dirigi\u00e9ndose a la direcci\u00f3n del responsable del tratamiento en:<\/p>\n<p>atc@gabarcos.es<\/p>\n<\/td>\n<\/tr>\n<\/tbody>\n<\/table>\n<p>En FELIX BARCOS ALONSO trabajamos para ofrecerte a trav\u00e9s de nuestros productos y servicios la mejor experiencia posible. En algunos casos, es necesario recabar informaci\u00f3n para conseguirlo. Nos importa tu privacidad y creemos que debemos ser transparentes al respecto.<\/p>\n<p>Por ello, y a efectos de lo previsto en el REGLAMENTO (UE) 2016\/679 DEL PARLAMENTO EUROPEO Y DEL CONSEJO de 27 de abril de 2016 (en adelante, \u201cRGPD\u201d) y la ley LOPG GDD 3\/2018 relativos a la protecci\u00f3n de las personas f\u00edsicas en lo que respecta al tratamiento de datos personales y a la libre circulaci\u00f3n de estos datos, y lay la LEY 34\/2002, de 11 de julio, de Servicios de la Sociedad de la informaci\u00f3n y de comercio electr\u00f3nico (en adelante, \u201cLSSI\u201d), FELIX BARCOS ALONSO informa al usuario que, como responsable del tratamiento, incorporar\u00e1 los datos de car\u00e1cter personal facilitados por los usuarios a los sistemas de tratamiento automatizados de la organizaci\u00f3n.<\/p>\n<p>Nuestro compromiso empieza por explicarte lo siguiente:<\/p>\n<ul>\n<li>Se recogen tus datos para que la experiencia de usuario mejore, atendiendo a tus intereses y necesidades.<\/li>\n<li>Somos transparentes en relaci\u00f3n a los datos que obtenemos acerca de ti y la raz\u00f3n por la que lo hacemos.<\/li>\n<\/ul>\n<p>Nuestra intenci\u00f3n es ofrecerte la mejor experiencia posible. Por ello, cuando vayamos a usar tu informaci\u00f3n personal lo haremos siempre cumpliendo la normativa, y cuando sea necesario, solicitaremos tu consentimiento.<\/p>\n<ul>\n<li>Entendemos que tus datos te pertenecen. Por tanto, si decides no autorizarnos a procesarlos puedes solicitarnos que dejemos de tratarlos.<\/li>\n<li>Nuestra prioridad consiste en garantizar tu seguridad y tratar tus datos de acuerdo con la normativa europea.<\/li>\n<\/ul>\n<p>Si deseas obtener m\u00e1s informaci\u00f3n sobre el tratamiento de tus datos, consulta los distintos apartados de la pol\u00edtica de privacidad que se encuentran a continuaci\u00f3n:<\/p>\n<p><strong>6.1.1. Informaci\u00f3n adicional sobre protecci\u00f3n de datos<\/strong><\/p>\n<p>&nbsp;<\/p>\n<p><strong>\u00bfQui\u00e9n es el responsable del tratamiento de sus datos?<\/strong><\/p>\n<p>&nbsp;<\/p>\n<p><strong>Identidad:<\/strong> FELIX BARCOS ALONSO\u00a0 \u2013 CIF: 15792823B<\/p>\n<p><strong>Direcci\u00f3n postal:<\/strong> Carretera de Tafalla, SN, , 31350, Peralta, Navarra<\/p>\n<p>Tel\u00e9fono: 948 750 453<\/p>\n<p>Correo electr\u00f3nico: atc@gabarcos.es<\/p>\n<p>&nbsp;<\/p>\n<p><strong>\u00bfQu\u00e9 datos personales recopilamos?<\/strong><\/p>\n<p>&nbsp;<\/p>\n<p>Los datos personales que el usuario puede llegar a proporcionar:<\/p>\n<ul>\n<li>Nombre, direcci\u00f3n y fecha de nacimiento.<\/li>\n<li>N\u00famero de tel\u00e9fono y direcci\u00f3n de correo electr\u00f3nico.<\/li>\n<li>Ubicaci\u00f3n.<\/li>\n<li>Informaci\u00f3n relativa a pagos y devoluciones.<\/li>\n<li>Direcci\u00f3n IP, fecha y hora en la que has accedido a nuestros servicios, navegador de internet que uses y datos sobre el sistema operativo del dispositivo.<\/li>\n<li>Cualquier otra informaci\u00f3n o datos que decidas compartir con nosotros.<\/li>\n<\/ul>\n<p>En algunos casos, es obligatoria la cumplimentaci\u00f3n del formulario de registro para acceder y disfrutar de determinados servicios ofrecidos en la web; asimismo, no facilitar los datos personales solicitados o el no aceptar la presente pol\u00edtica de protecci\u00f3n de datos supone la imposibilidad de suscribirse, registrarse o participar en cualquiera de las promociones en las que se soliciten datos car\u00e1cter personal.<\/p>\n<p>&nbsp;<\/p>\n<p>&nbsp;<\/p>\n<p><strong>\u00bfCon qu\u00e9 finalidad tratamos sus datos personales?<\/strong><\/p>\n<p>&nbsp;<\/p>\n<p>En <strong>FELIX BARCOS ALONSO <\/strong>\u00a0Tratamos la informaci\u00f3n que nos facilitan las personas interesadas con el fin de prestar los servicios solicitados y atender sus solicitudes de contacto a trav\u00e9s de\u00a0 nuestros formularios de la p\u00e1gina web\u00a0 https:\/\/www.panbarcos.es\/. Desarrollar y gestionar los concursos, sorteos u otras actividades promocionales que se puedan organizar.<\/p>\n<p>As\u00ed como el env\u00edo de comunicaciones comerciales y newsletter informativo. as\u00ed como el env\u00edo de nuestra newsletter y comunicaciones comerciales, inclusive por correo electr\u00f3nico, sobre nuestros productos y servicios.<\/p>\n<p>En algunos casos ser\u00e1 necesario facilitar informaci\u00f3n a las Autoridades o terceras empresas por motivos de auditor\u00eda, as\u00ed como manejar datos personales de facturas, contratos y documentos para responder a reclamaciones de clientes o de las Administraciones P\u00fablicas. Informamos que los datos personales que se obtengan como consecuencia de tu registro como usuario formar\u00e1n parte del Registro de Actividades y operaciones de Tratamiento (RAT), que se actualizar\u00e1 peri\u00f3dicamente de acuerdo con lo establecido en el RGPD.<\/p>\n<p><strong>\u00bfPor cu\u00e1nto tiempo conservaremos sus datos?<\/strong><\/p>\n<p>Los datos se conservar\u00e1n mientras no solicite su supresi\u00f3n.<\/p>\n<p><strong>\u00bfCu\u00e1l es la legitimaci\u00f3n para el tratamiento de sus datos?<\/strong><\/p>\n<p>Le indicamos la base legal para el tratamiento de sus datos:<\/p>\n<ul>\n<li>Ejecuci\u00f3n de un contrato: Prestaci\u00f3n de los servicios solicitados<\/li>\n<li>Consentimiento del interesado: Env\u00edo de comunicaciones comerciales y newsletter informativo.<\/li>\n<li>Inter\u00e9s leg\u00edtimo para el tratamiento de datos de nuestros clientes en acciones de marketing directo y consentimiento expreso del interesado para todo lo relativo a las valoraciones autom\u00e1ticas y elaboraci\u00f3n de perfiles<\/li>\n<li>Cumplimiento de obligaciones legales para prevenci\u00f3n del fraude, comunicaci\u00f3n con Autoridades p\u00fablicas y reclamaciones de terceros<\/li>\n<\/ul>\n<p><strong>\u00a0<\/strong><\/p>\n<p><strong>\u00bfA qu\u00e9 destinatarios se comunicar\u00e1n sus datos?<\/strong><\/p>\n<p>En algunos casos, solo cuando sea necesario, FELIX BARCOS ALONSO proporcionar\u00e1 datos de los usuarios a terceros. Sin embargo, nunca se vender\u00e1n los datos a terceros. Los proveedores de servicios externos (por ejemplo, proveedores de pago o empresas de reparto) con los que FELIX BARCOS ALONSO trabaje pueden usar los datos para proporcionar los servicios correspondientes, sin embargo no usar\u00e1n dicha informaci\u00f3n para fines propios o para cesi\u00f3n a terceros.<\/p>\n<p>FELIX BARCOS ALONSO procura garantizar la seguridad de los datos personales cuando se env\u00edan fuera de la empresa y se asegura que los terceros proveedores de servicio respetan la confidencialidad y cuentan con las medidas adecuadas para proteger los datos personales. Dichos terceros tienen la obligaci\u00f3n de garantizar que la informaci\u00f3n se trata conforme con la normativa de privacidad de datos.<\/p>\n<p>En algunos casos, la ley puede exigir que se revelen datos personales a organismos p\u00fablicos u otras partes, solo se revelar\u00e1 lo estrictamente necesario para el cumplimiento de dichas obligaciones legales.<\/p>\n<p>Los datos personales obtenidos tambi\u00e9n podr\u00e1n ser compartidos con otras empresas del grupo..<\/p>\n<p><strong>\u00bfTransferencias de datos a terceros pa\u00edses?<\/strong><\/p>\n<p>No est\u00e1n previstas transferencias de datos a terceros pa\u00edses.<\/p>\n<p><strong>\u00bfD\u00f3nde se almacenan tus datos?<\/strong><\/p>\n<p>Con car\u00e1cter general, los datos se almacenan dentro de la UE. Los datos que se env\u00eden a terceros que no pertenezcan a la UE, nos aseguraremos que ofrezcan un nivel de protecci\u00f3n su cliente, ya sea porque cuentan con Normas Corporativas Vinculantes (BCR) o porque se hayan adherido al \u201cPrivacy Shield\u201d.<\/p>\n<p>&nbsp;<\/p>\n<p><strong>\u00bfCu\u00e1les son sus derechos cuando nos facilita sus datos?<\/strong><\/p>\n<p>Cualquier persona tiene derecho a obtener confirmaci\u00f3n sobre si en <strong>FELIX BARCOS ALONSO\u00a0 <\/strong>\u00a0Estamos tratando datos personales que les conciernan, o no.<\/p>\n<p>Las personas interesadas tienen derecho a acceder a sus datos personales, as\u00ed como a solicitar la rectificaci\u00f3n de los datos inexactos o, en su caso, solicitar su supresi\u00f3n cuando, entre otros motivos, los datos ya no sea necesarios para los fines que fueron recogidos.<\/p>\n<p>En virtud de lo que establece el RGPD puedes solicitar:<\/p>\n<ul>\n<li>Derecho de acceso: puedes pedir informaci\u00f3n de aquellos datos personales que dispongamos acerca de ti.<\/li>\n<li>Derecho de rectificaci\u00f3n: puedes comunicar cualquier cambio en tus datos personales.<\/li>\n<li>Derecho de supresi\u00f3n y al olvido: puedes solicitar la eliminaci\u00f3n previo bloqueo de los datos personales.<\/li>\n<li>Derecho de limitaci\u00f3n al tratamiento: supone la restricci\u00f3n del tratamiento de los datos personales.<\/li>\n<li>Derecho de oposici\u00f3n: puedes retirar el consentimiento del tratamiento de los datos, oponi\u00e9ndose a que se sigan tratando.<\/li>\n<li>Derecho a la portabilidad: en algunos casos, puedes pedir una copia de los datos personales en un formato estructurado, de uso com\u00fan y lectura mec\u00e1nica para su transmisi\u00f3n a otro responsable.<\/li>\n<li>Derecho a no ser objeto de decisiones individualizadas: puedes solicitar que no se tomen decisiones que se basen \u00fanicamente en el tratamiento automatizado, incluyendo la elaboraci\u00f3n de per les, que produzca efectos jur\u00eddicos o afecte significativamente al interesado.<\/li>\n<\/ul>\n<p>&nbsp;<\/p>\n<p>En algunos casos, se podr\u00e1 rechazar la solicitud si solicitas que se eliminen datos necesarios para el cumplimiento de obligaciones legales.<\/p>\n<p>En determinadas circunstancias, los interesados podr\u00e1n solicitar la limitaci\u00f3n del tratamiento de sus datos, en cuyo caso \u00fanicamente los conservaremos para el ejercicio o la defensa de reclamaciones. Asimismo, en los supuestos legalmente establecidos, tendr\u00e1 derecho a la portabilidad de sus datos personales.<\/p>\n<p>En determinadas circunstancias y por motivos relacionados con su situaci\u00f3n particular, los interesados podr\u00e1n oponerse al tratamiento de sus datos. En este caso, <strong>FELIX BARCOS ALONSO\u00a0 <\/strong>Dejar\u00e1 de tratar los datos, salvo por motivos leg\u00edtimos imperiosos, o el ejercicio o la defensa de posibles reclamaciones.<\/p>\n<p>Podr\u00e1 ejercitar materialmente sus derechos de la siguiente forma: enviando un correo electr\u00f3nico a\u00a0 atc@gabarcos.es o en nuestras oficinas sitas en Carretera de Tafalla, SN, , 31350, Peralta, Navarra. Si ha otorgado su consentimiento para alguna finalidad concreta, tiene derecho a retirar el consentimiento otorgado en cualquier momento, sin que ello afecte a la licitud del tratamiento basado en el consentimiento previo a su retirada.<\/p>\n<p>En caso de que sienta vulnerados sus derechos en lo concerniente a la protecci\u00f3n de sus datos personales, especialmente cuando no haya obtenido satisfacci\u00f3n en el ejercicio de sus derechos, puede presentar una reclamaci\u00f3n ante la Autoridad de Control en materia de Protecci\u00f3n de Datos competente a trav\u00e9s de su sitio web: <a href=\"..\/..\/..\/..\/..\/..\/..\/AppData\/Local\/Microsoft\/Windows\/INetCache\/Content.Outlook\/AGRUPACION%20DEPORTIVA%20SAN%20JUAN\/www.agpd.es.\">www.agpd.es.<\/a><\/p>\n<p><strong>\u00bfQui\u00e9n es el responsable de la exactitud y veracidad de los datos facilitados?<\/strong><\/p>\n<p>El usuario es el \u00fanico responsable de la veracidad y correcci\u00f3n de los datos incluidos, exonerando a FELIX BARCOS ALONSO de cualquier responsabilidad al respecto. Los usuarios garantizan y responden, en cualquier caso, de la exactitud, vigencia y autenticidad de los datos personales facilitados, y se comprometen a mantenerlos debidamente actualizados. El usuario acepta proporcionar informaci\u00f3n completa y correcta en el formulario de registro o suscripci\u00f3n.\u00a0 FELIX BARCOS ALONSO se reserva el derecho de analizar los servicios contratados que se hubiera celebrado con los usuarios, en caso que los datos que haya facilitado sean falsos, incompletos, inexactos o no est\u00e9n actualizados.<\/p>\n<p>FELIX BARCOS ALONSO no responde de la veracidad de las informaciones que no sean de elaboraci\u00f3n propia y de las que se indique otra fuente, por lo que tampoco asume responsabilidad alguna en cuanto a hipot\u00e9ticos perjuicios que pudieran originarse por el uso de dicha informaci\u00f3n.<\/p>\n<p>FELIX BARCOS ALONSO se reserva el derecho a actualizar, modificar o eliminar la informaci\u00f3n contenida en sus p\u00e1ginas web pudiendo incluso limitar o no permitir el acceso a dicha informaci\u00f3n. Se exonera a FELIX BARCOS ALONSO de responsabilidad ante cualquier da\u00f1o o perjuicio que pudiera sufrir el usuario como consecuencia de errores, defectos u omisiones, en la informaci\u00f3n facilitada por FELIX BARCOS ALONSO siempre que proceda de fuentes ajenas a la misma.<\/p>\n<p>Asimismo, el usuario certifica que es mayor de 14 a\u00f1os y que posee la capacidad legal necesaria para la prestaci\u00f3n del consentimiento en cuanto al tratamiento de sus datos de car\u00e1cter personal.<\/p>\n<p>&nbsp;<\/p>\n<p><strong>\u00bfC\u00f3mo tratamos los datos personales de los menores de edad?<\/strong><\/p>\n<p>En principio nuestros servicios no van dirigidos espec\u00edficamente a menos de edad. Sin embargo, en el supuesto de que alguno de ellos se dirija a menores de catorce a\u00f1os, de conformidad con el art\u00edculo 8 del RGPD y el art\u00edculo 7 de la LO3\/2018, de 5 de diciembre (LOPDGDD), FELIX BARCOS ALONSO exigir\u00e1 el consentimiento v\u00e1lido, libre, inequ\u00edvoco, espec\u00edfico e informado de sus tutores legales para tratar los datos personales de los menores. En este caso, se exigir\u00e1 el DNI u otra forma de identificaci\u00f3n de quien preste el consentimiento.<\/p>\n<p>En el caso de mayores de catorce a\u00f1os podr\u00e1 procederse al tratamiento de los datos con el consentimiento del usuario, exceptuando aquellos casos en los que la Ley exija la asistencia de los titulares de la patria potestad o tutela.<\/p>\n<p>&nbsp;<\/p>\n<p><strong>\u00bfQu\u00e9 medidas de seguridad aplicamos para proteger tus datos personales?<\/strong><\/p>\n<p>FELIX BARCOS ALONSO ha adoptado los niveles de seguridad de protecci\u00f3n de los Datos Personales legalmente requeridos, y procura instalar aquellos otros medios y medidas t\u00e9cnicas adicionales a su alcance para evitar la p\u00e9rdida, mal uso, alteraci\u00f3n, acceso no autorizado y robo de los Datos Personales facilitados a FELIX BARCOS ALONSO<\/p>\n<p>FELIX BARCOS ALONSO no es responsable de hipot\u00e9ticos da\u00f1os o perjuicios que se pudieran derivar de interferencias, omisiones, interrupciones, virus inform\u00e1ticos, aver\u00edas telef\u00f3nicas o desconexiones en el funcionamiento operativo de este sistema electr\u00f3nico, motivadas por causas ajenas a FELIX BARCOS ALONSO; de retrasos o bloqueos en el uso del presente sistema electr\u00f3nico causados por deficiencias o sobrecargas de l\u00edneas telef\u00f3nicas o sobrecargas en el Centro de Procesos de Datos, en el sistema de Internet o en otros sistemas electr\u00f3nicos, as\u00ed como de da\u00f1os que puedan ser causados por terceras personas mediante intromisiones ileg\u00edtimas fuera del control de FELIX BARCOS ALONSO. Ello no obstante, el usuario debe ser consciente de que las medidas de seguridad en Internet no son inexpugnables.<\/p>\n<p>&nbsp;<\/p>\n<p><strong>Enlaces a otros sitios web<\/strong><\/p>\n<p>En el sitio web https:\/\/www.panbarcos.es\/puede haber enlaces a otras p\u00e1ginas web. Al clicar en uno de estos enlaces y acceder a un sitio web externo, la visita estar\u00e1 sujeta a la pol\u00edtica de privacidad de dicho sitio web, quedando<\/p>\n<p>FELIX BARCOS ALONSO desvinculada de cualquier tipo de responsabilidad acerca de su pol\u00edtica de privacidad.<\/p>\n<p>&nbsp;<\/p>\n<p><strong>\u00bfC\u00f3mo utilizamos las cookies?<\/strong><\/p>\n<p>El sitio web y las RRSS de FELIX BARCOS ALONSO utilizan cookies, a los efectos de optimizar y personalizar su navegaci\u00f3n por el mismo. Las cookies son cheros f\u00edsicos de informaci\u00f3n que se alojan en el propio terminal del usuario, la informaci\u00f3n recogida mediante las cookies sirve para facilitar la navegaci\u00f3n del usuario por el portal y optimizar la experiencia de navegaci\u00f3n. Los datos recopilados mediante las cookies pueden ser compartidos con los creadores de las mismas, pero en ning\u00fan caso la informaci\u00f3n obtenida por las mismas ser\u00e1 asociada a datos personales ni a datos que puedan identificar al usuario.<\/p>\n<p>Sin embargo, si el usuario no desea que se instalen cookies en su disco duro, tiene la posibilidad de configurar el navegador de tal modo que impida la instalaci\u00f3n de estos archivos. Para obtener m\u00e1s informaci\u00f3n consulte nuestra Pol\u00edtica de Cookies https:\/\/www.panbarcos.es\/.<\/p>\n<p>&nbsp;<\/p>\n<p><strong>\u00bfPuede modificarse la pol\u00edtica de privacidad?<\/strong><\/p>\n<p>Esta pol\u00edtica de privacidad puede modificarse. Te recomendamos que revises la pol\u00edtica de privacidad con cierta periodicidad.<\/p>\n<p>[\/et_pb_text][\/et_pb_column][\/et_pb_row][\/et_pb_section]<\/p>\n","protected":false},"excerpt":{"rendered":"<p>Pol\u00edtica de privacidadPOL\u00cdTICA DE PRIVACIDAD \u00a0 A continuaci\u00f3n le indicamos los detalles referidos a los distintos tratamientos de datos personales que realizamos en FELIX BARCOS ALONSO 6.1. Tratamiento de los datos personales de Usuarios &nbsp; Informaci\u00f3n B\u00e1sica sobre Protecci\u00f3n de Datos Responsable: FELIX BARCOS ALONSO Finalidad: &nbsp; &nbsp; &nbsp; &nbsp; &nbsp; Prestar los servicios solicitados [&hellip;]<\/p>\n","protected":false},"author":2,"featured_media":0,"parent":0,"menu_order":0,"comment_status":"closed","ping_status":"closed","template":"","meta":{"_et_pb_use_builder":"on","_et_pb_old_content":"","_et_gb_content_width":"","footnotes":""},"class_list":["post-3234","page","type-page","status-publish","hentry"],"_links":{"self":[{"href":"https:\/\/panbarcos.es\/en\/wp-json\/wp\/v2\/pages\/3234","targetHints":{"allow":["GET"]}}],"collection":[{"href":"https:\/\/panbarcos.es\/en\/wp-json\/wp\/v2\/pages"}],"about":[{"href":"https:\/\/panbarcos.es\/en\/wp-json\/wp\/v2\/types\/page"}],"author":[{"embeddable":true,"href":"https:\/\/panbarcos.es\/en\/wp-json\/wp\/v2\/users\/2"}],"replies":[{"embeddable":true,"href":"https:\/\/panbarcos.es\/en\/wp-json\/wp\/v2\/comments?post=3234"}],"version-history":[{"count":3,"href":"https:\/\/panbarcos.es\/en\/wp-json\/wp\/v2\/pages\/3234\/revisions"}],"predecessor-version":[{"id":3957,"href":"https:\/\/panbarcos.es\/en\/wp-json\/wp\/v2\/pages\/3234\/revisions\/3957"}],"wp:attachment":[{"href":"https:\/\/panbarcos.es\/en\/wp-json\/wp\/v2\/media?parent=3234"}],"curies":[{"name":"wp","href":"https:\/\/api.w.org\/{rel}","templated":true}]}}