{"id":2000,"date":"2023-02-08T09:45:41","date_gmt":"2023-02-08T09:45:41","guid":{"rendered":"https:\/\/panbarcos.es\/?page_id=2000"},"modified":"2025-03-11T16:15:26","modified_gmt":"2025-03-11T16:15:26","slug":"contacto","status":"publish","type":"page","link":"https:\/\/panbarcos.es\/en\/contacto\/","title":{"rendered":"Contact"},"content":{"rendered":"<p>[et_pb_section fb_built=\u00bb1&#8243; _builder_version=\u00bb4.20.0&#8243; _module_preset=\u00bb2ad2d4fe-9892-43d4-82ea-c272734a16ae\u00bb background_image=\u00bbhttps:\/\/panbarcos.es\/wp-content\/uploads\/2023\/01\/PANBARCOS-NAVEDRON-1024&#215;576-1.webp\u00bb custom_padding=\u00bb50px||50px||false|false\u00bb global_colors_info=\u00bb{}\u00bb][et_pb_row _builder_version=\u00bb4.19.5&#8243; _module_preset=\u00bb4e4565fb-972e-4828-843d-a879fbc41c49&#8243; global_colors_info=\u00bb{}\u00bb][et_pb_column type=\u00bb4_4&#8243; _builder_version=\u00bb4.19.5&#8243; _module_preset=\u00bbdefault\u00bb global_colors_info=\u00bb{}\u00bb][et_pb_text _builder_version=\u00bb4.19.5&#8243; _module_preset=\u00bbdefault\u00bb header_font=\u00bb|300|||||||\u00bb header_text_align=\u00bbcenter\u00bb header_text_color=\u00bb#FFFFFF\u00bb header_font_size=\u00bb60px\u00bb header_font_size_tablet=\u00bb50px\u00bb header_font_size_phone=\u00bb30px\u00bb header_font_size_last_edited=\u00bbon|tablet\u00bb header_line_height_tablet=\u00bb\u00bb header_line_height_phone=\u00bb1.3em\u00bb header_line_height_last_edited=\u00bbon|phone\u00bb header_text_shadow_style=\u00bbpreset3&#8243; global_colors_info=\u00bb{}\u00bb]<\/p>\n<h1>Contacto<\/h1>\n<p>[\/et_pb_text][\/et_pb_column][\/et_pb_row][\/et_pb_section][et_pb_section fb_built=\u00bb1&#8243; custom_padding_last_edited=\u00bbon|phone\u00bb _builder_version=\u00bb4.19.5&#8243; _module_preset=\u00bbdefault\u00bb background_color=\u00bbrgba(0,0,0,0.05)\u00bb custom_padding=\u00bb50px||50px||false|false\u00bb custom_padding_tablet=\u00bb25px||25px||false|false\u00bb custom_padding_phone=\u00bb25px||25px||false|false\u00bb animation_style=\u00bbfade\u00bb global_colors_info=\u00bb{}\u00bb][et_pb_row column_structure=\u00bb1_2,1_2&#8243; use_custom_gutter=\u00bbon\u00bb make_equal=\u00bbon\u00bb custom_padding_last_edited=\u00bboff|desktop\u00bb _builder_version=\u00bb4.20.0&#8243; _module_preset=\u00bbdefault\u00bb width=\u00bb70%\u00bb width_tablet=\u00bb70%\u00bb width_phone=\u00bb80%\u00bb width_last_edited=\u00bbon|phone\u00bb max_width=\u00bb70%\u00bb max_width_tablet=\u00bb70%\u00bb max_width_phone=\u00bb80%\u00bb max_width_last_edited=\u00bbon|phone\u00bb custom_padding=\u00bb0px||0px||false|false\u00bb custom_padding_tablet=\u00bb0px||0px||false|false\u00bb custom_padding_phone=\u00bb0px||0px||false|false\u00bb animation_style=\u00bbfade\u00bb global_colors_info=\u00bb{}\u00bb][et_pb_column type=\u00bb1_2&#8243; _builder_version=\u00bb4.19.5&#8243; _module_preset=\u00bbdefault\u00bb custom_css_main_element=\u00bbmargin: auto;\u00bb global_colors_info=\u00bb{}\u00bb][et_pb_text _builder_version=\u00bb4.20.0&#8243; _module_preset=\u00bbdefault\u00bb text_font=\u00bb||||||||\u00bb text_text_color=\u00bb#13202e\u00bb text_font_size=\u00bb16px\u00bb text_line_height=\u00bb1.2em\u00bb link_font=\u00bb||||on||||\u00bb link_text_color=\u00bb#bd935d\u00bb header_font=\u00bb||||||||\u00bb header_text_color=\u00bb#bd935d\u00bb header_font_size=\u00bb40px\u00bb custom_margin=\u00bb0px||10px||false|false\u00bb custom_margin_tablet=\u00bb0px||30px||false|false\u00bb custom_margin_phone=\u00bb0px||30px||false|false\u00bb custom_margin_last_edited=\u00bbon|tablet\u00bb custom_padding=\u00bb0px||0px||false|false\u00bb header_text_align_tablet=\u00bbcenter\u00bb header_text_align_phone=\u00bbcenter\u00bb header_text_align_last_edited=\u00bbon|tablet\u00bb header_font_size_tablet=\u00bb40px\u00bb header_font_size_phone=\u00bb26px\u00bb header_font_size_last_edited=\u00bbon|phone\u00bb global_colors_info=\u00bb{}\u00bb]<\/p>\n<h1>Env\u00edanos un mensaje<\/h1>\n<p>Si tienes alguna duda o quieres contactar con nosotros, rellena el siguiente formulario y nos pondremos en contacto lo antes posible.<\/p>\n<p>Tambi\u00e9n puedes usar nuestras <a href=\"#otras\">otras v\u00edas de contacto<\/a><\/p>\n<p>[\/et_pb_text][\/et_pb_column][et_pb_column type=\u00bb1_2&#8243; _builder_version=\u00bb4.19.5&#8243; _module_preset=\u00bbdefault\u00bb background_color=\u00bb#FFFFFF\u00bb custom_padding=\u00bb30px|30px|30px|30px|true|true\u00bb custom_css_main_element=\u00bbmargin: auto;\u00bb global_colors_info=\u00bb{}\u00bb][et_pb_contact_form use_spam_service=\u00bbon\u00bb recaptcha_list=\u00bbPanBarcos|PanBarcos-0&#8243; recaptcha_min_score=\u00bb0.7&#8243; email=\u00bbatc@gabarcos.es\u00bb custom_message=\u00bbMensaje recibido desde el formulario de contacto de panbarcos.es\/contacto||et_pb_line_break_holder||||et_pb_line_break_holder||Nombre: %%Name%%||et_pb_line_break_holder||||et_pb_line_break_holder||Email: %%Email%%||et_pb_line_break_holder||||et_pb_line_break_holder||Empresa: %%Empresa%%||et_pb_line_break_holder||||et_pb_line_break_holder||Mensaje: %%Message%%\u00bb success_message=\u00bb\u00a1Gracias por contactar con nosotros!\u00bb _builder_version=\u00bb4.27.4&#8243; _module_preset=\u00bbdefault\u00bb _unique_id=\u00bb38dc7107-8708-4e38-83e2-d3e6ff3e7980&#8243; form_field_background_color=\u00bbrgba(0,0,0,0.05)\u00bb title_font=\u00bbLato||||||||\u00bb captcha_font=\u00bbLato||||||||\u00bb form_field_font=\u00bbLato||||||||\u00bb custom_button=\u00bbon\u00bb button_text_color=\u00bb#FFFFFF\u00bb button_bg_color=\u00bb#bd935d\u00bb button_border_radius=\u00bb0px\u00bb button_icon=\u00bb&#xf1d8;||fa||900&#8243; global_colors_info=\u00bb{}\u00bb][et_pb_contact_field field_id=\u00bbName\u00bb field_title=\u00bbNombre\u00bb _builder_version=\u00bb4.16&#8243; global_colors_info=\u00bb{}\u00bb button_text_size__hover_enabled=\u00bboff\u00bb button_one_text_size__hover_enabled=\u00bboff\u00bb button_two_text_size__hover_enabled=\u00bboff\u00bb button_text_color__hover_enabled=\u00bboff\u00bb button_one_text_color__hover_enabled=\u00bboff\u00bb button_two_text_color__hover_enabled=\u00bboff\u00bb button_border_width__hover_enabled=\u00bboff\u00bb button_one_border_width__hover_enabled=\u00bboff\u00bb button_two_border_width__hover_enabled=\u00bboff\u00bb button_border_color__hover_enabled=\u00bboff\u00bb button_one_border_color__hover_enabled=\u00bboff\u00bb button_two_border_color__hover_enabled=\u00bboff\u00bb button_border_radius__hover_enabled=\u00bboff\u00bb button_one_border_radius__hover_enabled=\u00bboff\u00bb button_two_border_radius__hover_enabled=\u00bboff\u00bb button_letter_spacing__hover_enabled=\u00bboff\u00bb button_one_letter_spacing__hover_enabled=\u00bboff\u00bb button_two_letter_spacing__hover_enabled=\u00bboff\u00bb button_bg_color__hover_enabled=\u00bboff\u00bb button_one_bg_color__hover_enabled=\u00bboff\u00bb button_two_bg_color__hover_enabled=\u00bboff\u00bb][\/et_pb_contact_field][et_pb_contact_field field_id=\u00bbEmail\u00bb field_title=\u00bbDirecci\u00f3n de correo electr\u00f3nico\u00bb field_type=\u00bbemail\u00bb _builder_version=\u00bb4.16&#8243; global_colors_info=\u00bb{}\u00bb button_text_size__hover_enabled=\u00bboff\u00bb button_one_text_size__hover_enabled=\u00bboff\u00bb button_two_text_size__hover_enabled=\u00bboff\u00bb button_text_color__hover_enabled=\u00bboff\u00bb button_one_text_color__hover_enabled=\u00bboff\u00bb button_two_text_color__hover_enabled=\u00bboff\u00bb button_border_width__hover_enabled=\u00bboff\u00bb button_one_border_width__hover_enabled=\u00bboff\u00bb button_two_border_width__hover_enabled=\u00bboff\u00bb button_border_color__hover_enabled=\u00bboff\u00bb button_one_border_color__hover_enabled=\u00bboff\u00bb button_two_border_color__hover_enabled=\u00bboff\u00bb button_border_radius__hover_enabled=\u00bboff\u00bb button_one_border_radius__hover_enabled=\u00bboff\u00bb button_two_border_radius__hover_enabled=\u00bboff\u00bb button_letter_spacing__hover_enabled=\u00bboff\u00bb button_one_letter_spacing__hover_enabled=\u00bboff\u00bb button_two_letter_spacing__hover_enabled=\u00bboff\u00bb button_bg_color__hover_enabled=\u00bboff\u00bb button_one_bg_color__hover_enabled=\u00bboff\u00bb button_two_bg_color__hover_enabled=\u00bboff\u00bb][\/et_pb_contact_field][et_pb_contact_field field_id=\u00bbEmpresa\u00bb field_title=\u00bbEmpresa\u00bb fullwidth_field=\u00bbon\u00bb _builder_version=\u00bb4.20.0&#8243; global_colors_info=\u00bb{}\u00bb button_text_size__hover_enabled=\u00bboff\u00bb button_one_text_size__hover_enabled=\u00bboff\u00bb button_two_text_size__hover_enabled=\u00bboff\u00bb button_text_color__hover_enabled=\u00bboff\u00bb button_one_text_color__hover_enabled=\u00bboff\u00bb button_two_text_color__hover_enabled=\u00bboff\u00bb button_border_width__hover_enabled=\u00bboff\u00bb button_one_border_width__hover_enabled=\u00bboff\u00bb button_two_border_width__hover_enabled=\u00bboff\u00bb button_border_color__hover_enabled=\u00bboff\u00bb button_one_border_color__hover_enabled=\u00bboff\u00bb button_two_border_color__hover_enabled=\u00bboff\u00bb button_border_radius__hover_enabled=\u00bboff\u00bb button_one_border_radius__hover_enabled=\u00bboff\u00bb button_two_border_radius__hover_enabled=\u00bboff\u00bb button_letter_spacing__hover_enabled=\u00bboff\u00bb button_one_letter_spacing__hover_enabled=\u00bboff\u00bb button_two_letter_spacing__hover_enabled=\u00bboff\u00bb button_bg_color__hover_enabled=\u00bboff\u00bb button_one_bg_color__hover_enabled=\u00bboff\u00bb button_two_bg_color__hover_enabled=\u00bboff\u00bb][\/et_pb_contact_field][et_pb_contact_field field_id=\u00bbMessage\u00bb field_title=\u00bbMensaje\u00bb field_type=\u00bbtext\u00bb fullwidth_field=\u00bbon\u00bb _builder_version=\u00bb4.16&#8243; global_colors_info=\u00bb{}\u00bb button_text_size__hover_enabled=\u00bboff\u00bb button_one_text_size__hover_enabled=\u00bboff\u00bb button_two_text_size__hover_enabled=\u00bboff\u00bb button_text_color__hover_enabled=\u00bboff\u00bb button_one_text_color__hover_enabled=\u00bboff\u00bb button_two_text_color__hover_enabled=\u00bboff\u00bb button_border_width__hover_enabled=\u00bboff\u00bb button_one_border_width__hover_enabled=\u00bboff\u00bb button_two_border_width__hover_enabled=\u00bboff\u00bb button_border_color__hover_enabled=\u00bboff\u00bb button_one_border_color__hover_enabled=\u00bboff\u00bb button_two_border_color__hover_enabled=\u00bboff\u00bb button_border_radius__hover_enabled=\u00bboff\u00bb button_one_border_radius__hover_enabled=\u00bboff\u00bb button_two_border_radius__hover_enabled=\u00bboff\u00bb button_letter_spacing__hover_enabled=\u00bboff\u00bb button_one_letter_spacing__hover_enabled=\u00bboff\u00bb button_two_letter_spacing__hover_enabled=\u00bboff\u00bb button_bg_color__hover_enabled=\u00bboff\u00bb button_one_bg_color__hover_enabled=\u00bboff\u00bb button_two_bg_color__hover_enabled=\u00bboff\u00bb][\/et_pb_contact_field][et_pb_contact_field field_id=\u00bbprivacidad\u00bb field_title=\u00bbPol\u00edtica de Privacidad\u00bb field_type=\u00bbcheckbox\u00bb checkbox_options=\u00bb%91{%22value%22:%22He le\u00eddo y acepto la Pol\u00edtica de Privacidad  %22,%22checked%22:0,%22dragID%22:-1,%22link_url%22:%22https:\/\/panbarcos.es\/politica-de-privacidad\/%22,%22link_text%22:%22Pol\u00edtica de Privacidad%22}%93&#8243; fullwidth_field=\u00bbon\u00bb _builder_version=\u00bb4.27.4&#8243; _module_preset=\u00bbdefault\u00bb link_option_url=\u00bbhttps:\/\/panbarcos.es\/politica-de-privacidad-formularios\/\u00bb global_colors_info=\u00bb{}\u00bb][\/et_pb_contact_field][\/et_pb_contact_form][\/et_pb_column][\/et_pb_row][\/et_pb_section][et_pb_section fb_built=\u00bb1&#8243; custom_padding_last_edited=\u00bbon|phone\u00bb _builder_version=\u00bb4.20.0&#8243; _module_preset=\u00bbdefault\u00bb custom_padding=\u00bb50px||50px||false|false\u00bb custom_padding_tablet=\u00bb25px||25px||false|false\u00bb custom_padding_phone=\u00bb25px||25px||false|false\u00bb animation_style=\u00bbslide\u00bb animation_direction=\u00bbbottom\u00bb global_colors_info=\u00bb{}\u00bb][et_pb_row column_structure=\u00bb1_2,1_2&#8243; use_custom_gutter=\u00bbon\u00bb make_equal=\u00bbon\u00bb custom_padding_last_edited=\u00bboff|desktop\u00bb module_id=\u00bbotras\u00bb _builder_version=\u00bb4.20.0&#8243; _module_preset=\u00bbdefault\u00bb width=\u00bb70%\u00bb width_tablet=\u00bb70%\u00bb width_phone=\u00bb80%\u00bb width_last_edited=\u00bbon|phone\u00bb max_width=\u00bb70%\u00bb max_width_tablet=\u00bb70%\u00bb max_width_phone=\u00bb80%\u00bb max_width_last_edited=\u00bbon|phone\u00bb custom_padding=\u00bb0px||0px||false|false\u00bb custom_padding_phone=\u00bb0px||0px||false|false\u00bb global_colors_info=\u00bb{}\u00bb icon_placement_tablet=\u00bbtop\u00bb icon_placement_last_edited=\u00bbon|tablet\u00bb image_icon_width_tablet=\u00bb40px\u00bb image_icon_width_last_edited=\u00bbon|tablet\u00bb icon_placement_phone=\u00bbtop\u00bb image_icon_width_phone=\u00bb40px\u00bb title_text_align_tablet=\u00bbcenter\u00bb title_text_align_phone=\u00bbcenter\u00bb title_text_align_last_edited=\u00bbon|tablet\u00bb title_font_size_tablet=\u00bb20px\u00bb title_font_size_phone=\u00bb20px\u00bb title_font_size_last_edited=\u00bbon|tablet\u00bb title_line_height_tablet=\u00bb0em\u00bb title_line_height_phone=\u00bb1em\u00bb title_line_height_last_edited=\u00bbon|tablet\u00bb][et_pb_column type=\u00bb1_2&#8243; _builder_version=\u00bb4.19.5&#8243; _module_preset=\u00bbdefault\u00bb custom_css_main_element=\u00bbmargin: auto;\u00bb global_colors_info=\u00bb{}\u00bb][et_pb_map address=\u00bbCtra. Marcilla, km 10, 9, 31350 Peralta, Navarra, Espa\u00f1a\u00bb zoom_level=\u00bb14&#8243; address_lat=\u00bb42.337623&#8243; address_lng=\u00bb-1.7860864&#8243; use_grayscale_filter=\u00bbon\u00bb grayscale_filter_amount=\u00bb100&#8243; _builder_version=\u00bb4.19.5&#8243; _module_preset=\u00bbdefault\u00bb height=\u00bb325px\u00bb link_option_url=\u00bbhttps:\/\/www.google.com\/maps\/place\/Pan+Barcos\/@42.3376269,-1.7882751,17z\/data=!3m1!4b1!4m5!3m4!1s0xd5a63d5458c550b:0xe9226350fbcb1cf3!8m2!3d42.337623!4d-1.7860864&#8243; link_option_url_new_window=\u00bbon\u00bb locked=\u00bboff\u00bb global_colors_info=\u00bb{}\u00bb][et_pb_map_pin title=\u00bbPan Barcos\u00bb pin_address=\u00bbCtra. Marcilla, km 10, 9, 31350 Peralta, Navarra, Espa\u00f1a\u00bb pin_address_lat=\u00bb42.337623&#8243; pin_address_lng=\u00bb-1.7860864&#8243; _builder_version=\u00bb4.19.4&#8243; _module_preset=\u00bbdefault\u00bb global_colors_info=\u00bb{}\u00bb]<\/p>\n<p>Pan Barcos, Ctra. Marcilla, km 10, 9, 31350 Peralta, Navarra<\/p>\n<p>[\/et_pb_map_pin][\/et_pb_map][\/et_pb_column][et_pb_column type=\u00bb1_2&#8243; _builder_version=\u00bb4.19.5&#8243; _module_preset=\u00bbdefault\u00bb custom_css_main_element=\u00bbmargin: auto;\u00bb global_colors_info=\u00bb{}\u00bb][et_pb_text _builder_version=\u00bb4.20.0&#8243; _module_preset=\u00bbdefault\u00bb text_font=\u00bb||||||||\u00bb text_text_color=\u00bb#13202e\u00bb text_font_size=\u00bb16px\u00bb text_line_height=\u00bb1.2em\u00bb link_font=\u00bb||||on||||\u00bb link_text_color=\u00bb#bd935d\u00bb header_font=\u00bb||||||||\u00bb header_text_align=\u00bbleft\u00bb header_text_color=\u00bb#bd935d\u00bb header_font_size=\u00bb40px\u00bb custom_margin=\u00bb0px||10px||false|false\u00bb custom_margin_tablet=\u00bb25px||||false|false\u00bb custom_margin_phone=\u00bb25px||||false|false\u00bb custom_margin_last_edited=\u00bbon|tablet\u00bb custom_padding=\u00bb0px||0px||false|false\u00bb header_text_align_tablet=\u00bbcenter\u00bb header_text_align_phone=\u00bbcenter\u00bb header_text_align_last_edited=\u00bbon|tablet\u00bb header_font_size_tablet=\u00bb40px\u00bb header_font_size_phone=\u00bb26px\u00bb header_font_size_last_edited=\u00bbon|phone\u00bb global_colors_info=\u00bb{}\u00bb]<\/p>\n<h1>Otras v\u00edas de contacto<\/h1>\n<p>[\/et_pb_text][et_pb_blurb title=\u00bbCarretera de Tafalla, SN, Peralta , Navarra\u00bb url=\u00bbhttps:\/\/www.google.com\/maps\/place\/Pan+Barcos\/@42.3376269,-1.7882751,17z\/data=!3m1!4b1!4m5!3m4!1s0xd5a63d5458c550b:0xe9226350fbcb1cf3!8m2!3d42.337623!4d-1.7860864&#8243; url_new_window=\u00bbon\u00bb use_icon=\u00bbon\u00bb font_icon=\u00bb&#xe081;||divi||400&#8243; icon_color=\u00bb#bd935d\u00bb icon_placement=\u00bbleft\u00bb icon_placement_tablet=\u00bbtop\u00bb icon_placement_phone=\u00bbtop\u00bb icon_placement_last_edited=\u00bbon|tablet\u00bb image_icon_width_tablet=\u00bb40px\u00bb image_icon_width_phone=\u00bb30px\u00bb image_icon_width_last_edited=\u00bbon|tablet\u00bb _builder_version=\u00bb4.20.0&#8243; _module_preset=\u00bbdefault\u00bb header_font=\u00bbLato||||||||\u00bb header_font_size=\u00bb16px\u00bb header_line_height=\u00bb2.2em\u00bb image_icon_custom_margin=\u00bb0px||0px||false|false\u00bb image_icon_custom_padding_tablet=\u00bb\u00bb image_icon_custom_padding_phone=\u00bb0px||0px||false|false\u00bb image_icon_custom_padding_last_edited=\u00bbon|phone\u00bb custom_margin=\u00bb5px||5px||false|false\u00bb custom_padding=\u00bb0px||0px||false|false\u00bb custom_padding_tablet=\u00bb0px||25px||false|false\u00bb custom_padding_phone=\u00bb0px||25px||false|false\u00bb custom_padding_last_edited=\u00bbon|tablet\u00bb header_text_align_tablet=\u00bbcenter\u00bb header_text_align_phone=\u00bbcenter\u00bb header_text_align_last_edited=\u00bbon|tablet\u00bb header_font_size_tablet=\u00bb20px\u00bb header_font_size_phone=\u00bb15px\u00bb header_font_size_last_edited=\u00bbon|tablet\u00bb header_line_height_tablet=\u00bb0em\u00bb header_line_height_phone=\u00bb1em\u00bb header_line_height_last_edited=\u00bbon|tablet\u00bb text_orientation_tablet=\u00bb\u00bb text_orientation_phone=\u00bbcenter\u00bb text_orientation_last_edited=\u00bbon|phone\u00bb module_alignment_last_edited=\u00bboff|tablet\u00bb global_colors_info=\u00bb{}\u00bb][\/et_pb_blurb][et_pb_blurb title=\u00bbatc@gabarcos.es\u00bb url=\u00bbmailto:atc@gabarcos.es\u00bb url_new_window=\u00bbon\u00bb use_icon=\u00bbon\u00bb font_icon=\u00bb&#xf0e0;||fa||900&#8243; icon_color=\u00bb#bd935d\u00bb icon_placement=\u00bbleft\u00bb icon_placement_tablet=\u00bbtop\u00bb icon_placement_phone=\u00bbtop\u00bb icon_placement_last_edited=\u00bbon|tablet\u00bb image_icon_width_tablet=\u00bb40px\u00bb image_icon_width_phone=\u00bb30px\u00bb image_icon_width_last_edited=\u00bbon|tablet\u00bb _builder_version=\u00bb4.20.2&#8243; _module_preset=\u00bbdefault\u00bb header_font=\u00bbLato||||||||\u00bb header_font_size=\u00bb16px\u00bb header_line_height=\u00bb2.2em\u00bb image_icon_custom_margin=\u00bb0px||0px||false|false\u00bb image_icon_custom_padding_tablet=\u00bb\u00bb image_icon_custom_padding_phone=\u00bb0px||0px||false|false\u00bb image_icon_custom_padding_last_edited=\u00bbon|phone\u00bb custom_margin=\u00bb5px||5px||false|false\u00bb custom_padding=\u00bb0px||0px||false|false\u00bb custom_padding_tablet=\u00bb0px||25px||false|false\u00bb custom_padding_phone=\u00bb0px||25px||false|false\u00bb custom_padding_last_edited=\u00bbon|tablet\u00bb header_text_align_tablet=\u00bbcenter\u00bb header_text_align_phone=\u00bbcenter\u00bb header_text_align_last_edited=\u00bbon|tablet\u00bb header_font_size_tablet=\u00bb20px\u00bb header_font_size_phone=\u00bb15px\u00bb header_font_size_last_edited=\u00bbon|tablet\u00bb header_line_height_tablet=\u00bb0em\u00bb header_line_height_phone=\u00bb1em\u00bb header_line_height_last_edited=\u00bbon|tablet\u00bb text_orientation_tablet=\u00bb\u00bb text_orientation_phone=\u00bbcenter\u00bb text_orientation_last_edited=\u00bbon|phone\u00bb global_colors_info=\u00bb{}\u00bb][\/et_pb_blurb][et_pb_blurb title=\u00bb+34 948 750 453&#8243; url=\u00bbtel:+34948750453&#8243; url_new_window=\u00bbon\u00bb use_icon=\u00bbon\u00bb font_icon=\u00bb&#xf879;||fa||900&#8243; icon_color=\u00bb#bd935d\u00bb icon_placement=\u00bbleft\u00bb icon_placement_tablet=\u00bbtop\u00bb icon_placement_phone=\u00bbtop\u00bb icon_placement_last_edited=\u00bbon|tablet\u00bb image_icon_width_tablet=\u00bb40px\u00bb image_icon_width_phone=\u00bb30px\u00bb image_icon_width_last_edited=\u00bbon|tablet\u00bb _builder_version=\u00bb4.19.5&#8243; _module_preset=\u00bbdefault\u00bb header_font=\u00bbLato||||||||\u00bb header_font_size=\u00bb16px\u00bb header_line_height=\u00bb2.2em\u00bb image_icon_custom_margin=\u00bb0px||0px||false|false\u00bb image_icon_custom_padding_tablet=\u00bb\u00bb image_icon_custom_padding_phone=\u00bb0px||0px||false|false\u00bb image_icon_custom_padding_last_edited=\u00bbon|phone\u00bb custom_margin=\u00bb5px||5px||false|false\u00bb custom_padding=\u00bb0px||0px||false|false\u00bb custom_padding_tablet=\u00bb0px||25px||false|false\u00bb custom_padding_phone=\u00bb0px||25px||false|false\u00bb custom_padding_last_edited=\u00bbon|tablet\u00bb header_text_align_tablet=\u00bbcenter\u00bb header_text_align_phone=\u00bbcenter\u00bb header_text_align_last_edited=\u00bbon|tablet\u00bb header_font_size_tablet=\u00bb20px\u00bb header_font_size_phone=\u00bb15px\u00bb header_font_size_last_edited=\u00bbon|tablet\u00bb header_line_height_tablet=\u00bb0em\u00bb header_line_height_phone=\u00bb1em\u00bb header_line_height_last_edited=\u00bbon|tablet\u00bb text_orientation_tablet=\u00bb\u00bb text_orientation_phone=\u00bbcenter\u00bb text_orientation_last_edited=\u00bbon|phone\u00bb global_colors_info=\u00bb{}\u00bb][\/et_pb_blurb][et_pb_blurb title=\u00bb+34 948 750 182&#8243; url=\u00bbtel:+34948750182&#8243; url_new_window=\u00bbon\u00bb use_icon=\u00bbon\u00bb font_icon=\u00bb&#xf879;||fa||900&#8243; icon_color=\u00bb#bd935d\u00bb icon_placement=\u00bbleft\u00bb icon_placement_tablet=\u00bbtop\u00bb icon_placement_phone=\u00bbtop\u00bb icon_placement_last_edited=\u00bbon|tablet\u00bb image_icon_width_tablet=\u00bb40px\u00bb image_icon_width_phone=\u00bb30px\u00bb image_icon_width_last_edited=\u00bbon|tablet\u00bb _builder_version=\u00bb4.19.5&#8243; _module_preset=\u00bbdefault\u00bb header_font=\u00bbLato||||||||\u00bb header_font_size=\u00bb16px\u00bb header_line_height=\u00bb2.2em\u00bb image_icon_custom_margin=\u00bb0px||0px||false|false\u00bb image_icon_custom_padding_tablet=\u00bb\u00bb image_icon_custom_padding_phone=\u00bb0px||0px||false|false\u00bb image_icon_custom_padding_last_edited=\u00bbon|phone\u00bb custom_margin=\u00bb5px||5px||false|false\u00bb custom_padding=\u00bb0px||0px||false|false\u00bb custom_padding_tablet=\u00bb0px||25px||false|false\u00bb custom_padding_phone=\u00bb0px||25px||false|false\u00bb custom_padding_last_edited=\u00bbon|tablet\u00bb header_text_align_tablet=\u00bbcenter\u00bb header_text_align_phone=\u00bbcenter\u00bb header_text_align_last_edited=\u00bbon|tablet\u00bb header_font_size_tablet=\u00bb20px\u00bb header_font_size_phone=\u00bb15px\u00bb header_font_size_last_edited=\u00bbon|tablet\u00bb header_line_height_tablet=\u00bb0em\u00bb header_line_height_phone=\u00bb1em\u00bb header_line_height_last_edited=\u00bbon|tablet\u00bb text_orientation_tablet=\u00bb\u00bb text_orientation_phone=\u00bbcenter\u00bb text_orientation_last_edited=\u00bbon|phone\u00bb global_colors_info=\u00bb{}\u00bb][\/et_pb_blurb][et_pb_blurb title=\u00bb+34 948 750 460&#8243; url=\u00bbtel:+34948750182&#8243; url_new_window=\u00bbon\u00bb use_icon=\u00bbon\u00bb font_icon=\u00bb&#xe0fa;||divi||400&#8243; icon_color=\u00bb#bd935d\u00bb icon_placement=\u00bbleft\u00bb icon_placement_tablet=\u00bbtop\u00bb icon_placement_phone=\u00bbtop\u00bb icon_placement_last_edited=\u00bbon|tablet\u00bb image_icon_width_tablet=\u00bb40px\u00bb image_icon_width_phone=\u00bb30px\u00bb image_icon_width_last_edited=\u00bbon|tablet\u00bb _builder_version=\u00bb4.19.5&#8243; _module_preset=\u00bbdefault\u00bb header_font=\u00bbLato||||||||\u00bb header_font_size=\u00bb16px\u00bb header_line_height=\u00bb2.2em\u00bb image_icon_custom_margin=\u00bb0px||0px||false|false\u00bb image_icon_custom_padding_tablet=\u00bb\u00bb image_icon_custom_padding_phone=\u00bb0px||0px||false|false\u00bb image_icon_custom_padding_last_edited=\u00bbon|phone\u00bb custom_margin=\u00bb5px||5px||false|false\u00bb custom_padding=\u00bb0px||0px||false|false\u00bb custom_padding_tablet=\u00bb0px||25px||false|false\u00bb custom_padding_phone=\u00bb0px||25px||false|false\u00bb custom_padding_last_edited=\u00bbon|tablet\u00bb header_text_align_tablet=\u00bbcenter\u00bb header_text_align_phone=\u00bbcenter\u00bb header_text_align_last_edited=\u00bbon|tablet\u00bb header_font_size_tablet=\u00bb20px\u00bb header_font_size_phone=\u00bb15px\u00bb header_font_size_last_edited=\u00bbon|tablet\u00bb header_line_height_tablet=\u00bb0em\u00bb header_line_height_phone=\u00bb1em\u00bb header_line_height_last_edited=\u00bbon|tablet\u00bb global_colors_info=\u00bb{}\u00bb][\/et_pb_blurb][\/et_pb_column][\/et_pb_row][\/et_pb_section]<\/p>\n","protected":false},"excerpt":{"rendered":"<p>ContactoEnv\u00edanos un mensaje Si tienes alguna duda o quieres contactar con nosotros, rellena el siguiente formulario y nos pondremos en contacto lo antes posible. Tambi\u00e9n puedes usar nuestras otras v\u00edas de contactoPan Barcos, Ctra. Marcilla, km 10, 9, 31350 Peralta, NavarraOtras v\u00edas de contacto<\/p>","protected":false},"author":2,"featured_media":0,"parent":0,"menu_order":0,"comment_status":"closed","ping_status":"closed","template":"","meta":{"_et_pb_use_builder":"on","_et_pb_old_content":"","_et_gb_content_width":"","footnotes":""},"class_list":["post-2000","page","type-page","status-publish","hentry"],"_links":{"self":[{"href":"https:\/\/panbarcos.es\/en\/wp-json\/wp\/v2\/pages\/2000","targetHints":{"allow":["GET"]}}],"collection":[{"href":"https:\/\/panbarcos.es\/en\/wp-json\/wp\/v2\/pages"}],"about":[{"href":"https:\/\/panbarcos.es\/en\/wp-json\/wp\/v2\/types\/page"}],"author":[{"embeddable":true,"href":"https:\/\/panbarcos.es\/en\/wp-json\/wp\/v2\/users\/2"}],"replies":[{"embeddable":true,"href":"https:\/\/panbarcos.es\/en\/wp-json\/wp\/v2\/comments?post=2000"}],"version-history":[{"count":2,"href":"https:\/\/panbarcos.es\/en\/wp-json\/wp\/v2\/pages\/2000\/revisions"}],"predecessor-version":[{"id":3966,"href":"https:\/\/panbarcos.es\/en\/wp-json\/wp\/v2\/pages\/2000\/revisions\/3966"}],"wp:attachment":[{"href":"https:\/\/panbarcos.es\/en\/wp-json\/wp\/v2\/media?parent=2000"}],"curies":[{"name":"wp","href":"https:\/\/api.w.org\/{rel}","templated":true}]}}