{"id":1598,"date":"2023-02-01T10:47:52","date_gmt":"2023-02-01T10:47:52","guid":{"rendered":"https:\/\/panbarcos.es\/?page_id=1598"},"modified":"2025-01-21T15:20:12","modified_gmt":"2025-01-21T15:20:12","slug":"productos","status":"publish","type":"page","link":"https:\/\/panbarcos.es\/en\/productos\/","title":{"rendered":"Products"},"content":{"rendered":"<p>[et_pb_section fb_built=\u00bb1&#8243; custom_padding_last_edited=\u00bbon|phone\u00bb _builder_version=\u00bb4.20.0&#8243; _module_preset=\u00bbdefault\u00bb custom_margin=\u00bb||0px||false|false\u00bb custom_padding=\u00bb75px||75px||false|false\u00bb custom_padding_tablet=\u00bb25px||25px||false|false\u00bb custom_padding_phone=\u00bb25px||25px||false|false\u00bb animation_style=\u00bbslide\u00bb animation_direction=\u00bbtop\u00bb animation_delay=\u00bb300ms\u00bb global_colors_info=\u00bb{}\u00bb][et_pb_row column_structure=\u00bb1_4,1_4,1_4,1_4&#8243; use_custom_gutter=\u00bbon\u00bb gutter_width=\u00bb1&#8243; custom_padding_last_edited=\u00bbon|tablet\u00bb _builder_version=\u00bb4.25.1&#8243; _module_preset=\u00bbdefault\u00bb width=\u00bb74.9%\u00bb width_tablet=\u00bb100%\u00bb width_phone=\u00bb100%\u00bb width_last_edited=\u00bbon|tablet\u00bb max_width=\u00bb74.9%\u00bb max_width_tablet=\u00bb100%\u00bb max_width_phone=\u00bb100%\u00bb max_width_last_edited=\u00bbon|tablet\u00bb custom_margin=\u00bb0px||0px||false|false\u00bb custom_padding=\u00bb0px||0px||false|false\u00bb custom_padding_tablet=\u00bb0px|25px|0px|25px|false|false\u00bb custom_padding_phone=\u00bb0px|25px|0px|25px|false|false\u00bb global_colors_info=\u00bb{}\u00bb][et_pb_column type=\u00bb1_4&#8243; _builder_version=\u00bb4.19.4&#8243; _module_preset=\u00bbdefault\u00bb global_colors_info=\u00bb{}\u00bb][et_pb_text _builder_version=\u00bb4.20.0&#8243; _module_preset=\u00bbdefault\u00bb text_text_color=\u00bb#FFFFFF\u00bb text_font_size=\u00bb23px\u00bb header_2_font=\u00bb|600|||||||\u00bb header_2_text_align=\u00bbcenter\u00bb header_2_text_color=\u00bb#FFFFFF\u00bb header_2_font_size=\u00bb45px\u00bb use_background_color_gradient=\u00bbon\u00bb background_color_gradient_stops=\u00bbrgba(0,0,0,0.55) 0%|rgba(0,0,0,0.23) 100%\u00bb background_color_gradient_overlays_image=\u00bbon\u00bb background_image=\u00bbhttps:\/\/panbarcos.es\/wp-content\/uploads\/2023\/01\/PANBARCOS-calidad-1024&#215;683-1.webp\u00bb transform_scale_tablet=\u00bb\u00bb transform_scale_phone=\u00bb\u00bb transform_scale_last_edited=\u00bbon|desktop\u00bb transform_translate_tablet=\u00bb\u00bb transform_translate_phone=\u00bb\u00bb transform_translate_last_edited=\u00bbon|phone\u00bb transform_translate_linked__hover=\u00bboff\u00bb transform_rotate_tablet=\u00bb\u00bb transform_rotate_phone=\u00bb\u00bb transform_rotate_last_edited=\u00bbon|desktop\u00bb transform_skew_tablet=\u00bb\u00bb transform_skew_phone=\u00bb\u00bb transform_skew_last_edited=\u00bbon|desktop\u00bb transform_origin_tablet=\u00bb\u00bb transform_origin_phone=\u00bb\u00bb transform_origin_last_edited=\u00bbon|desktop\u00bb transform_styles_last_edited=\u00bbon|phone\u00bb height=\u00bb60vh\u00bb height_tablet=\u00bb300px\u00bb height_phone=\u00bb120px\u00bb height_last_edited=\u00bbon|tablet\u00bb custom_padding=\u00bb||||false|false\u00bb custom_padding_tablet=\u00bb0vh||||false|false\u00bb custom_padding_phone=\u00bb0vh||||false|false\u00bb custom_padding_last_edited=\u00bbon|tablet\u00bb filter_saturate=\u00bb0%\u00bb link_option_url=\u00bbhttps:\/\/panbarcos.es\/pan\/\u00bb header_2_font_size_tablet=\u00bb40px\u00bb header_2_font_size_phone=\u00bb36px\u00bb header_2_font_size_last_edited=\u00bbon|phone\u00bb transform_styles_tablet=\u00bb\u00bb transform_styles_phone=\u00bb\u00bb custom_css_main_element=\u00bbdisplay: flex;||flex-direction: column;||justify-content: center;\u00bb header_2_text_shadow_style=\u00bbpreset1&#8243; global_colors_info=\u00bb{}\u00bb filter_saturate__hover_enabled=\u00bbon|hover\u00bb filter_saturate__hover=\u00bb100%\u00bb background__hover_enabled=\u00bbon|hover\u00bb use_background_color_gradient__hover=\u00bbon\u00bb transform_styles__hover_enabled=\u00bbon|desktop\u00bb transform_scale__hover_enabled=\u00bbon|hover\u00bb transform_translate__hover_enabled=\u00bbon|desktop\u00bb transform_rotate__hover_enabled=\u00bbon|desktop\u00bb transform_skew__hover_enabled=\u00bbon|desktop\u00bb transform_origin__hover_enabled=\u00bbon|desktop\u00bb transform_translate__hover=\u00bb0px|20px\u00bb background_color_gradient_stops__hover=\u00bbrgba(0,0,0,0.55) 0%|rgba(0,0,0,0.23) 100%\u00bb]<\/p>\n<h2>Pan<\/h2>\n<p>[\/et_pb_text][\/et_pb_column][et_pb_column type=\u00bb1_4&#8243; _builder_version=\u00bb4.19.4&#8243; _module_preset=\u00bbdefault\u00bb global_colors_info=\u00bb{}\u00bb][et_pb_text _builder_version=\u00bb4.19.5&#8243; _module_preset=\u00bbdefault\u00bb text_text_color=\u00bb#FFFFFF\u00bb text_font_size=\u00bb23px\u00bb header_2_font=\u00bb|600|||||||\u00bb header_2_text_align=\u00bbcenter\u00bb header_2_text_color=\u00bb#FFFFFF\u00bb header_2_font_size=\u00bb45px\u00bb use_background_color_gradient=\u00bbon\u00bb background_color_gradient_stops=\u00bbrgba(0,0,0,0.55) 0%|rgba(0,0,0,0.23) 100%\u00bb background_color_gradient_overlays_image=\u00bbon\u00bb background_image=\u00bbhttps:\/\/panbarcos.es\/wp-content\/uploads\/2023\/01\/PANBARCOS-PRODUCTOS-BOLLERIA-1024&#215;576-1.webp\u00bb height=\u00bb60vh\u00bb height_tablet=\u00bb300px\u00bb height_phone=\u00bb120px\u00bb height_last_edited=\u00bbon|tablet\u00bb custom_padding=\u00bb||||false|false\u00bb custom_padding_tablet=\u00bb0vh||||false|false\u00bb custom_padding_phone=\u00bb0vh||||false|false\u00bb custom_padding_last_edited=\u00bbon|tablet\u00bb filter_saturate=\u00bb0%\u00bb link_option_url=\u00bbhttps:\/\/panbarcos.es\/bolleria\u00bb header_2_font_size_tablet=\u00bb40px\u00bb header_2_font_size_phone=\u00bb36px\u00bb header_2_font_size_last_edited=\u00bbon|phone\u00bb custom_css_main_element=\u00bbdisplay: flex;||flex-direction: column;||justify-content: center;\u00bb header_2_text_shadow_style=\u00bbpreset1&#8243; global_colors_info=\u00bb{}\u00bb filter_saturate__hover_enabled=\u00bbon|hover\u00bb filter_saturate__hover=\u00bb100%\u00bb use_background_color_gradient__hover=\u00bbon\u00bb background__hover_enabled=\u00bbon|hover\u00bb transform_styles__hover_enabled=\u00bbon|desktop\u00bb transform_scale__hover_enabled=\u00bbon|desktop\u00bb transform_translate__hover=\u00bb0px|20px\u00bb transform_translate__hover_enabled=\u00bbon|desktop\u00bb transform_rotate__hover_enabled=\u00bbon|desktop\u00bb transform_skew__hover_enabled=\u00bbon|desktop\u00bb transform_origin__hover_enabled=\u00bbon|desktop\u00bb background_color_gradient_stops__hover=\u00bbrgba(0,0,0,0.55) 0%|rgba(0,0,0,0.23) 100%\u00bb]<\/p>\n<h2>Boller\u00eda<\/h2>\n<p>[\/et_pb_text][\/et_pb_column][et_pb_column type=\u00bb1_4&#8243; _builder_version=\u00bb4.19.4&#8243; _module_preset=\u00bbdefault\u00bb global_colors_info=\u00bb{}\u00bb][et_pb_text _builder_version=\u00bb4.20.0&#8243; _module_preset=\u00bbdefault\u00bb text_text_color=\u00bb#FFFFFF\u00bb text_font_size=\u00bb23px\u00bb header_2_font=\u00bb|600|||||||\u00bb header_2_text_align=\u00bbcenter\u00bb header_2_text_color=\u00bb#FFFFFF\u00bb header_2_font_size=\u00bb45px\u00bb use_background_color_gradient=\u00bbon\u00bb background_color_gradient_stops=\u00bbrgba(0,0,0,0.55) 0%|rgba(0,0,0,0.23) 100%\u00bb background_color_gradient_overlays_image=\u00bbon\u00bb background_image=\u00bbhttps:\/\/panbarcos.es\/wp-content\/uploads\/2023\/01\/PANBARCOS-reposteria-1024&#215;692-1.webp\u00bb height=\u00bb60vh\u00bb height_tablet=\u00bb300px\u00bb height_phone=\u00bb120px\u00bb height_last_edited=\u00bbon|tablet\u00bb custom_padding=\u00bb||||false|false\u00bb custom_padding_tablet=\u00bb0vh||||false|false\u00bb custom_padding_phone=\u00bb0vh||||false|false\u00bb custom_padding_last_edited=\u00bbon|tablet\u00bb filter_saturate=\u00bb0%\u00bb link_option_url=\u00bbhttps:\/\/panbarcos.es\/reposteria\u00bb header_2_font_size_tablet=\u00bb40px\u00bb header_2_font_size_phone=\u00bb36px\u00bb header_2_font_size_last_edited=\u00bbon|phone\u00bb custom_css_main_element=\u00bbdisplay: flex;||flex-direction: column;||justify-content: center;\u00bb header_2_text_shadow_style=\u00bbpreset1&#8243; global_colors_info=\u00bb{}\u00bb filter_saturate__hover_enabled=\u00bbon|hover\u00bb filter_saturate__hover=\u00bb100%\u00bb use_background_color_gradient__hover=\u00bbon\u00bb background__hover_enabled=\u00bbon|hover\u00bb transform_styles__hover_enabled=\u00bbon|desktop\u00bb transform_scale__hover_enabled=\u00bbon|desktop\u00bb transform_translate__hover=\u00bb0px|20px\u00bb transform_translate__hover_enabled=\u00bbon|desktop\u00bb transform_rotate__hover_enabled=\u00bbon|desktop\u00bb transform_skew__hover_enabled=\u00bbon|desktop\u00bb transform_origin__hover_enabled=\u00bbon|desktop\u00bb background_color_gradient_stops__hover=\u00bbrgba(0,0,0,0.55) 0%|rgba(0,0,0,0.23) 100%\u00bb]<\/p>\n<h2>Reposter\u00eda<\/h2>\n<p>[\/et_pb_text][\/et_pb_column][et_pb_column type=\u00bb1_4&#8243; _builder_version=\u00bb4.19.4&#8243; _module_preset=\u00bbdefault\u00bb global_colors_info=\u00bb{}\u00bb][et_pb_text _builder_version=\u00bb4.27.4&#8243; _module_preset=\u00bbdefault\u00bb text_text_color=\u00bb#FFFFFF\u00bb text_font_size=\u00bb23px\u00bb header_2_font=\u00bb|600|||||||\u00bb header_2_text_align=\u00bbcenter\u00bb header_2_text_color=\u00bb#FFFFFF\u00bb header_2_font_size=\u00bb45px\u00bb use_background_color_gradient=\u00bbon\u00bb background_color_gradient_stops=\u00bbrgba(0,0,0,0.55) 0%|rgba(0,0,0,0.23) 100%\u00bb background_color_gradient_overlays_image=\u00bbon\u00bb background_image=\u00bbhttps:\/\/panbarcos.es\/wp-content\/uploads\/2023\/01\/PANBARCOS-NAVEDRON-1024&#215;576-1.webp\u00bb height=\u00bb60vh\u00bb height_tablet=\u00bb300px\u00bb height_phone=\u00bb120px\u00bb height_last_edited=\u00bbon|tablet\u00bb custom_padding=\u00bb||||false|false\u00bb custom_padding_tablet=\u00bb0vh||||false|false\u00bb custom_padding_phone=\u00bb0vh||||false|false\u00bb custom_padding_last_edited=\u00bbon|tablet\u00bb filter_saturate=\u00bb0%\u00bb link_option_url=\u00bbhttps:\/\/panbarcos.es\/catalogo2024\/index.html#book2\/\u00bb link_option_url_new_window=\u00bbon\u00bb hover_enabled=\u00bb0&#8243; header_2_font_size_tablet=\u00bb40px\u00bb header_2_font_size_phone=\u00bb36px\u00bb header_2_font_size_last_edited=\u00bbon|phone\u00bb custom_css_main_element=\u00bbdisplay: flex;||flex-direction: column;||justify-content: center;\u00bb header_2_text_shadow_style=\u00bbpreset1&#8243; global_colors_info=\u00bb{}\u00bb filter_saturate__hover_enabled=\u00bbon|hover\u00bb filter_saturate__hover=\u00bb100%\u00bb use_background_color_gradient__hover=\u00bbon\u00bb background__hover_enabled=\u00bbon|hover\u00bb transform_styles__hover_enabled=\u00bbon|desktop\u00bb transform_scale__hover_enabled=\u00bbon|desktop\u00bb transform_translate__hover=\u00bb0px|20px\u00bb transform_translate__hover_enabled=\u00bbon|desktop\u00bb transform_rotate__hover_enabled=\u00bbon|desktop\u00bb transform_skew__hover_enabled=\u00bbon|desktop\u00bb transform_origin__hover_enabled=\u00bbon|desktop\u00bb background_color_gradient_stops__hover=\u00bbrgba(0,0,0,0.55) 0%|rgba(0,0,0,0.23) 100%\u00bb sticky_enabled=\u00bb0&#8243;]<\/p>\n<h2 style=\"text-align: center;\">Cat\u00e1logo 2025<\/h2>\n<p>[\/et_pb_text][\/et_pb_column][\/et_pb_row][\/et_pb_section][et_pb_section fb_built=\u00bb1&#8243; custom_padding_last_edited=\u00bbon|phone\u00bb _builder_version=\u00bb4.19.5&#8243; _module_preset=\u00bbdefault\u00bb background_color=\u00bbrgba(0,0,0,0.05)\u00bb custom_padding=\u00bb50px||50px||false|false\u00bb custom_padding_tablet=\u00bb25px||25px||false|false\u00bb custom_padding_phone=\u00bb25px||25px||false|false\u00bb animation_style=\u00bbslide\u00bb animation_direction=\u00bbbottom\u00bb global_colors_info=\u00bb{}\u00bb][et_pb_row _builder_version=\u00bb4.19.5&#8243; _module_preset=\u00bbdefault\u00bb width=\u00bb70%\u00bb width_tablet=\u00bb70%\u00bb width_phone=\u00bb80%\u00bb width_last_edited=\u00bbon|phone\u00bb max_width=\u00bb70%\u00bb max_width_tablet=\u00bb70%\u00bb max_width_phone=\u00bb80%\u00bb max_width_last_edited=\u00bbon|phone\u00bb custom_padding=\u00bb0px||25px||false|false\u00bb global_colors_info=\u00bb{}\u00bb][et_pb_column type=\u00bb4_4&#8243; _builder_version=\u00bb4.19.4&#8243; _module_preset=\u00bbdefault\u00bb global_colors_info=\u00bb{}\u00bb][et_pb_text _builder_version=\u00bb4.20.0&#8243; _module_preset=\u00bbdefault\u00bb text_font=\u00bbLato|||on|||||\u00bb text_text_color=\u00bb#bd935d\u00bb text_font_size=\u00bb35px\u00bb header_font=\u00bb|600|||||||\u00bb header_text_color=\u00bbgcid-373aa154-aa88-4795-b3e3-b2f6947bf80b\u00bb text_orientation=\u00bbcenter\u00bb text_font_size_tablet=\u00bb30px\u00bb text_font_size_phone=\u00bb28px\u00bb text_font_size_last_edited=\u00bbon|phone\u00bb text_line_height_tablet=\u00bb1.2em\u00bb text_line_height_phone=\u00bb1em\u00bb text_line_height_last_edited=\u00bbon|phone\u00bb global_colors_info=\u00bb{%22gcid-373aa154-aa88-4795-b3e3-b2f6947bf80b%22:%91%22header_text_color%22%93}\u00bb]<\/p>\n<h1>EN PAN BARCOS NOS GUSTA LO NATURAL<\/h1>\n<p>[\/et_pb_text][et_pb_text _builder_version=\u00bb4.19.5&#8243; _module_preset=\u00bbdefault\u00bb text_font=\u00bbLato||||||||\u00bb text_text_color=\u00bb#13202e\u00bb text_font_size=\u00bb18px\u00bb text_orientation=\u00bbcenter\u00bb text_font_size_tablet=\u00bb21px\u00bb text_font_size_phone=\u00bb16px\u00bb text_font_size_last_edited=\u00bbon|phone\u00bb text_line_height_tablet=\u00bb\u00bb text_line_height_phone=\u00bb1.1em\u00bb text_line_height_last_edited=\u00bbon|phone\u00bb global_colors_info=\u00bb{}\u00bb]<\/p>\n<p>En cada una de nuestras generaciones hemos cre\u00eddo que el secreto no solo esta en la masa, tambi\u00e9n en el resto de ingredientes, producci\u00f3n y dedicaci\u00f3n a cada uno de nuestros panes. Esto ha formado nuestra filosof\u00eda, creyendo en unos pilares saludables, naturales y \u00e9ticos, sin perder el origen pero innovando en nuevos mercados y t\u00e9cnicas de producci\u00f3n m\u00e1s eficientes y cuidadosas con el medioambiente.<\/p>\n<p>[\/et_pb_text][\/et_pb_column][\/et_pb_row][et_pb_row use_custom_gutter=\u00bbon\u00bb gutter_width=\u00bb2&#8243; custom_padding_last_edited=\u00bbon|phone\u00bb _builder_version=\u00bb4.20.0&#8243; _module_preset=\u00bbdefault\u00bb width=\u00bb70%\u00bb width_tablet=\u00bb70%\u00bb width_phone=\u00bb80%\u00bb width_last_edited=\u00bbon|phone\u00bb max_width=\u00bb70%\u00bb max_width_tablet=\u00bb70%\u00bb max_width_phone=\u00bb80%\u00bb max_width_last_edited=\u00bbon|phone\u00bb custom_padding=\u00bb25px|25px|0px|25px|false|false\u00bb custom_padding_tablet=\u00bb25px|25px|0px|25px|false|false\u00bb custom_padding_phone=\u00bb25px|0px|0px|0px|false|false\u00bb global_colors_info=\u00bb{}\u00bb][et_pb_column type=\u00bb4_4&#8243; _builder_version=\u00bb4.19.4&#8243; _module_preset=\u00bbdefault\u00bb global_colors_info=\u00bb{}\u00bb][et_pb_image src=\u00bbhttps:\/\/panbarcos.es\/wp-content\/uploads\/2023\/02\/panbarcos-cleanlabel-1024&#215;724.webp\u00bb title_text=\u00bbpanbarcos-cleanlabel\u00bb align=\u00bbcenter\u00bb _builder_version=\u00bb4.19.5&#8243; _module_preset=\u00bbdefault\u00bb global_colors_info=\u00bb{}\u00bb][\/et_pb_image][\/et_pb_column][\/et_pb_row][\/et_pb_section]<\/p>\n","protected":false},"excerpt":{"rendered":"<p>PanBoller\u00edaReposter\u00edaCat\u00e1logo 2025EN PAN BARCOS NOS GUSTA LO NATURALEn cada una de nuestras generaciones hemos cre\u00eddo que el secreto no solo esta en la masa, tambi\u00e9n en el resto de ingredientes, producci\u00f3n y dedicaci\u00f3n a cada uno de nuestros panes. Esto ha formado nuestra filosof\u00eda, creyendo en unos pilares saludables, naturales y \u00e9ticos, sin perder el [&hellip;]<\/p>\n","protected":false},"author":2,"featured_media":0,"parent":0,"menu_order":0,"comment_status":"closed","ping_status":"closed","template":"","meta":{"_et_pb_use_builder":"on","_et_pb_old_content":"","_et_gb_content_width":"","footnotes":""},"class_list":["post-1598","page","type-page","status-publish","hentry"],"_links":{"self":[{"href":"https:\/\/panbarcos.es\/en\/wp-json\/wp\/v2\/pages\/1598","targetHints":{"allow":["GET"]}}],"collection":[{"href":"https:\/\/panbarcos.es\/en\/wp-json\/wp\/v2\/pages"}],"about":[{"href":"https:\/\/panbarcos.es\/en\/wp-json\/wp\/v2\/types\/page"}],"author":[{"embeddable":true,"href":"https:\/\/panbarcos.es\/en\/wp-json\/wp\/v2\/users\/2"}],"replies":[{"embeddable":true,"href":"https:\/\/panbarcos.es\/en\/wp-json\/wp\/v2\/comments?post=1598"}],"version-history":[{"count":1,"href":"https:\/\/panbarcos.es\/en\/wp-json\/wp\/v2\/pages\/1598\/revisions"}],"predecessor-version":[{"id":3910,"href":"https:\/\/panbarcos.es\/en\/wp-json\/wp\/v2\/pages\/1598\/revisions\/3910"}],"wp:attachment":[{"href":"https:\/\/panbarcos.es\/en\/wp-json\/wp\/v2\/media?parent=1598"}],"curies":[{"name":"wp","href":"https:\/\/api.w.org\/{rel}","templated":true}]}}