{"id":1260,"date":"2022-10-11T07:43:57","date_gmt":"2022-10-11T07:43:57","guid":{"rendered":"https:\/\/panbarcos.es\/?page_id=1260"},"modified":"2025-10-09T11:34:19","modified_gmt":"2025-10-09T11:34:19","slug":"aperitivos-de-anavieja","status":"publish","type":"page","link":"https:\/\/panbarcos.es\/en\/","title":{"rendered":"bread boats"},"content":{"rendered":"<p>[et_pb_section fb_built=\u00bb1&#8243; fullwidth=\u00bbon\u00bb _builder_version=\u00bb4.20.2&#8243; _module_preset=\u00bbdefault\u00bb background_color=\u00bb#13202e\u00bb custom_padding=\u00bb||||false|false\u00bb animation_style=\u00bbfade\u00bb animation_duration=\u00bb600ms\u00bb animation_delay=\u00bb1000ms\u00bb global_colors_info=\u00bb{}\u00bb][et_pb_fullwidth_slider use_bg_overlay=\u00bboff\u00bb use_text_overlay=\u00bboff\u00bb arrows_custom_color=\u00bb#FFFFFF\u00bb dot_nav_custom_color=\u00bb#FFFFFF\u00bb admin_label=\u00bbControl deslizante de anchura completa\u00bb _builder_version=\u00bb4.25.2&#8243; _module_preset=\u00bbdefault\u00bb header_font=\u00bb|700|||||||\u00bb header_font_size=\u00bb50px\u00bb body_font_size=\u00bb20px\u00bb height=\u00bb82vh\u00bb height_tablet=\u00bb95vh\u00bb height_phone=\u00bb78vh\u00bb height_last_edited=\u00bbon|phone\u00bb custom_padding=\u00bb0px|15vw|100px|15vw|false|false\u00bb custom_padding_tablet=\u00bb|10vw||10vw|false|false\u00bb custom_padding_phone=\u00bb|5vw||5vw|false|false\u00bb custom_padding_last_edited=\u00bbon|tablet\u00bb auto=\u00bbon\u00bb header_font_size_tablet=\u00bb50px\u00bb header_font_size_phone=\u00bb35px\u00bb header_font_size_last_edited=\u00bbon|phone\u00bb body_font_size_tablet=\u00bb20px\u00bb body_font_size_phone=\u00bb15px\u00bb body_font_size_last_edited=\u00bbon|phone\u00bb body_line_height_tablet=\u00bb\u00bb body_line_height_phone=\u00bb1.1em\u00bb body_line_height_last_edited=\u00bbon|phone\u00bb custom_css_slide_arrows=\u00bbfont-size: 50px;\u00bb header_text_shadow_style=\u00bbpreset1&#8243; body_text_shadow_style=\u00bbpreset1&#8243; global_colors_info=\u00bb{}\u00bb custom_css_slide_arrows_last_edited=\u00bbon|phone\u00bb custom_css_slide_arrows_tablet=\u00bbfont-size: 40px;\u00bb custom_css_slide_arrows_phone=\u00bbfont-size: 30px;\u00bb][et_pb_slide heading=\u00bbEmpresa Familiar desde 1903&#8243; _builder_version=\u00bb4.25.2&#8243; _module_preset=\u00bbdefault\u00bb background_enable_color=\u00bboff\u00bb use_background_color_gradient=\u00bbon\u00bb background_color_gradient_stops=\u00bbrgba(19,32,46,0.55) 0%|rgba(19,32,46,0.12) 100%\u00bb background_color_gradient_overlays_image=\u00bbon\u00bb background_image=\u00bbhttps:\/\/panbarcos.es\/wp-content\/uploads\/2024\/06\/MAX_0303-scaled.jpg\u00bb background_enable_image=\u00bbon\u00bb background_blend=\u00bbmultiply\u00bb global_colors_info=\u00bb{}\u00bb sticky_transition=\u00bbon\u00bb]<\/p>\n<p><span>Esta empresa familiar ha seguido evolucionando junto a los gustos y tendencias del mercado, siendo, hoy por hoy, la 5\u00ba generaci\u00f3n en la historia de nuestra empresa.\u00a0<\/span><\/p>\n<p>[\/et_pb_slide][et_pb_slide heading=\u00bbSistema de Gesti\u00f3n de Calidad\u00bb _builder_version=\u00bb4.20.2&#8243; _module_preset=\u00bbdefault\u00bb background_enable_color=\u00bboff\u00bb use_background_color_gradient=\u00bbon\u00bb background_color_gradient_stops=\u00bbrgba(19,32,46,0.55) 0%|rgba(19,32,46,0.12) 100%\u00bb background_color_gradient_overlays_image=\u00bbon\u00bb background_image=\u00bbhttps:\/\/panbarcos.es\/wp-content\/uploads\/2023\/01\/PANBARCOS-calidad.webp\u00bb background_enable_image=\u00bbon\u00bb background_blend=\u00bbmultiply\u00bb global_colors_info=\u00bb{}\u00bb sticky_transition=\u00bbon\u00bb]<\/p>\n<p><span>Cumplimos con los est\u00e1ndares m\u00e1s exigentes en materia de calidad, siendo a su vez una empresa involucrada con el medio ambiente, habiendo introducido as\u00ed la ISO 22000 y la ISO 14000. Recientemente hemos obtenido tambi\u00e9n la ISO 22000.<\/span><\/p>\n<p>[\/et_pb_slide][et_pb_slide heading=\u00bbCompromiso Medioambiental\u00bb _builder_version=\u00bb4.19.4&#8243; _module_preset=\u00bbdefault\u00bb background_enable_color=\u00bboff\u00bb use_background_color_gradient=\u00bbon\u00bb background_color_gradient_stops=\u00bbrgba(19,32,46,0.55) 0%|rgba(19,32,46,0.12) 100%\u00bb background_color_gradient_overlays_image=\u00bbon\u00bb background_image=\u00bbhttps:\/\/panbarcos.es\/wp-content\/uploads\/2023\/01\/PANBARCOS-NAVEDRON2.webp\u00bb background_enable_image=\u00bbon\u00bb background_blend=\u00bbmultiply\u00bb global_colors_info=\u00bb{}\u00bb sticky_transition=\u00bbon\u00bb]<\/p>\n<p><span>El compromiso ambiental de Pan Barcos se traduce en la actualidad en el ahorro de recursos a trav\u00e9s de, por un lado de la implantaci\u00f3n de medidas para hacer de su producci\u00f3n un proceso m\u00e1s eficiente y ahorrar energ\u00eda y por otro, de la implantaci\u00f3n de medidas para reducir materia prima en el proceso de envasado.<\/span><\/p>\n<p>[\/et_pb_slide][et_pb_slide heading=\u00bbLos Mejores Ingredientes\u00bb _builder_version=\u00bb4.19.4&#8243; _module_preset=\u00bbdefault\u00bb background_enable_color=\u00bboff\u00bb use_background_color_gradient=\u00bbon\u00bb background_color_gradient_stops=\u00bbrgba(19,32,46,0.55) 0%|rgba(19,32,46,0.12) 100%\u00bb background_color_gradient_overlays_image=\u00bbon\u00bb background_image=\u00bbhttps:\/\/panbarcos.es\/wp-content\/uploads\/2023\/01\/PANBARCOS-INGREDIENTES.webp\u00bb background_enable_image=\u00bbon\u00bb background_blend=\u00bbmultiply\u00bb global_colors_info=\u00bb{}\u00bb sticky_transition=\u00bbon\u00bb]<\/p>\n<p><span>En Pan Barcos siempre seleccionamos nuestros mejores ingredientes, mimando los procesos de producci\u00f3n y cuidando la presentaci\u00f3n de todos nuestros art\u00edculos.<\/span><\/p>\n<p>[\/et_pb_slide][\/et_pb_fullwidth_slider][\/et_pb_section][et_pb_section fb_built=\u00bb1&#8243; custom_padding_last_edited=\u00bbon|tablet\u00bb admin_label=\u00bbSecci\u00f3n\u00bb _builder_version=\u00bb4.19.5&#8243; _module_preset=\u00bbdefault\u00bb custom_margin=\u00bb||0px||false|false\u00bb custom_padding=\u00bb75px||75px||false|false\u00bb custom_padding_tablet=\u00bb75px||0px||false|false\u00bb custom_padding_phone=\u00bb50px||||false|false\u00bb global_colors_info=\u00bb{}\u00bb][et_pb_row _builder_version=\u00bb4.19.5&#8243; _module_preset=\u00bbdefault\u00bb width=\u00bb70%\u00bb width_tablet=\u00bb80%\u00bb width_phone=\u00bb80%\u00bb width_last_edited=\u00bbon|tablet\u00bb max_width=\u00bb70%\u00bb max_width_tablet=\u00bb80%\u00bb max_width_phone=\u00bb80%\u00bb max_width_last_edited=\u00bbon|tablet\u00bb custom_margin=\u00bb0px|auto|25px|auto|false|false\u00bb custom_padding=\u00bb0px||||false|false\u00bb global_colors_info=\u00bb{}\u00bb][et_pb_column type=\u00bb4_4&#8243; _builder_version=\u00bb4.19.4&#8243; _module_preset=\u00bbdefault\u00bb global_colors_info=\u00bb{}\u00bb][et_pb_text _builder_version=\u00bb4.20.0&#8243; _module_preset=\u00bbdefault\u00bb text_font=\u00bb|||on|||||\u00bb text_text_color=\u00bb#bd935d\u00bb text_font_size=\u00bb35px\u00bb header_font=\u00bb|600|||||||\u00bb header_text_color=\u00bbgcid-373aa154-aa88-4795-b3e3-b2f6947bf80b\u00bb header_font_size=\u00bb35px\u00bb text_orientation=\u00bbcenter\u00bb text_font_size_tablet=\u00bb30px\u00bb text_font_size_phone=\u00bb28px\u00bb text_font_size_last_edited=\u00bbon|phone\u00bb text_line_height_tablet=\u00bb\u00bb text_line_height_phone=\u00bb1em\u00bb text_line_height_last_edited=\u00bbon|phone\u00bb global_colors_info=\u00bb{%22gcid-373aa154-aa88-4795-b3e3-b2f6947bf80b%22:%91%22header_text_color%22%93}\u00bb]<\/p>\n<h1>Nuestros productos<\/h1>\n<p>[\/et_pb_text][\/et_pb_column][\/et_pb_row][et_pb_row column_structure=\u00bb1_4,1_4,1_4,1_4&#8243; use_custom_gutter=\u00bbon\u00bb gutter_width=\u00bb1&#8243; _builder_version=\u00bb4.19.5&#8243; _module_preset=\u00bbdefault\u00bb width=\u00bb70%\u00bb width_tablet=\u00bb100%\u00bb width_phone=\u00bb100%\u00bb width_last_edited=\u00bbon|tablet\u00bb max_width=\u00bb70%\u00bb max_width_tablet=\u00bb100%\u00bb max_width_phone=\u00bb100%\u00bb max_width_last_edited=\u00bbon|tablet\u00bb custom_margin=\u00bb0px||0px||false|false\u00bb custom_padding=\u00bb0px||0px||false|false\u00bb global_colors_info=\u00bb{}\u00bb][et_pb_column type=\u00bb1_4&#8243; _builder_version=\u00bb4.19.4&#8243; _module_preset=\u00bbdefault\u00bb global_colors_info=\u00bb{}\u00bb][et_pb_text _builder_version=\u00bb4.20.0&#8243; _module_preset=\u00bbdefault\u00bb text_text_color=\u00bb#FFFFFF\u00bb text_font_size=\u00bb23px\u00bb header_2_font=\u00bb|700|||||||\u00bb header_2_text_align=\u00bbcenter\u00bb header_2_text_color=\u00bb#FFFFFF\u00bb header_2_font_size=\u00bb45px\u00bb use_background_color_gradient=\u00bbon\u00bb background_color_gradient_stops=\u00bbrgba(0,0,0,0.55) 0%|rgba(0,0,0,0.23) 100%\u00bb background_color_gradient_overlays_image=\u00bbon\u00bb background_image=\u00bbhttps:\/\/panbarcos.es\/wp-content\/uploads\/2023\/01\/PANBARCOS-calidad-1024&#215;683-1.webp\u00bb height=\u00bb25vh\u00bb height_tablet=\u00bb25vh\u00bb height_phone=\u00bb15vh\u00bb height_last_edited=\u00bbon|phone\u00bb filter_saturate=\u00bb0%\u00bb link_option_url=\u00bbhttps:\/\/panbarcos.es\/pan\/\u00bb custom_css_main_element=\u00bbdisplay: flex;||flex-direction: column;||justify-content: center;\u00bb header_2_text_shadow_style=\u00bbpreset1&#8243; global_colors_info=\u00bb{}\u00bb filter_saturate__hover_enabled=\u00bbon|hover\u00bb filter_saturate__hover=\u00bb100%\u00bb background__hover_enabled=\u00bbon|hover\u00bb use_background_color_gradient__hover=\u00bbon\u00bb background_color_gradient_stops__hover=\u00bbrgba(0,0,0,0.55) 0%|rgba(0,0,0,0.23) 100%\u00bb]<\/p>\n<h2>Pan<\/h2>\n<p>[\/et_pb_text][\/et_pb_column][et_pb_column type=\u00bb1_4&#8243; _builder_version=\u00bb4.19.4&#8243; _module_preset=\u00bbdefault\u00bb global_colors_info=\u00bb{}\u00bb][et_pb_text _builder_version=\u00bb4.19.5&#8243; _module_preset=\u00bbdefault\u00bb text_text_color=\u00bb#FFFFFF\u00bb text_font_size=\u00bb23px\u00bb header_2_font=\u00bb|700|||||||\u00bb header_2_text_align=\u00bbcenter\u00bb header_2_text_color=\u00bb#FFFFFF\u00bb header_2_font_size=\u00bb45px\u00bb use_background_color_gradient=\u00bbon\u00bb background_color_gradient_stops=\u00bbrgba(0,0,0,0.55) 0%|rgba(0,0,0,0.23) 100%\u00bb background_color_gradient_overlays_image=\u00bbon\u00bb background_image=\u00bbhttps:\/\/panbarcos.es\/wp-content\/uploads\/2023\/01\/PANBARCOS-PRODUCTOS-BOLLERIA-1024&#215;576-1.webp\u00bb height=\u00bb25vh\u00bb height_tablet=\u00bb25vh\u00bb height_phone=\u00bb15vh\u00bb height_last_edited=\u00bbon|phone\u00bb filter_saturate=\u00bb0%\u00bb link_option_url=\u00bbhttps:\/\/panbarcos.es\/bolleria\/\u00bb custom_css_main_element=\u00bbdisplay: flex;||flex-direction: column;||justify-content: center;\u00bb header_2_text_shadow_style=\u00bbpreset1&#8243; global_colors_info=\u00bb{}\u00bb filter_saturate__hover_enabled=\u00bbon|hover\u00bb filter_saturate__hover=\u00bb100%\u00bb use_background_color_gradient__hover=\u00bbon\u00bb background__hover_enabled=\u00bbon|hover\u00bb background_color_gradient_stops__hover=\u00bbrgba(0,0,0,0.55) 0%|rgba(0,0,0,0.23) 100%\u00bb]<\/p>\n<h2>Boller\u00eda<\/h2>\n<p>[\/et_pb_text][\/et_pb_column][et_pb_column type=\u00bb1_4&#8243; _builder_version=\u00bb4.19.4&#8243; _module_preset=\u00bbdefault\u00bb global_colors_info=\u00bb{}\u00bb][et_pb_text _builder_version=\u00bb4.19.5&#8243; _module_preset=\u00bbdefault\u00bb text_text_color=\u00bb#FFFFFF\u00bb text_font_size=\u00bb23px\u00bb header_2_font=\u00bb|700|||||||\u00bb header_2_text_align=\u00bbcenter\u00bb header_2_text_color=\u00bb#FFFFFF\u00bb header_2_font_size=\u00bb45px\u00bb use_background_color_gradient=\u00bbon\u00bb background_color_gradient_stops=\u00bbrgba(0,0,0,0.55) 0%|rgba(0,0,0,0.23) 100%\u00bb background_color_gradient_overlays_image=\u00bbon\u00bb background_image=\u00bbhttps:\/\/panbarcos.es\/wp-content\/uploads\/2023\/01\/PANBARCOS-reposteria-1024&#215;692-1.webp\u00bb height=\u00bb25vh\u00bb height_tablet=\u00bb25vh\u00bb height_phone=\u00bb15vh\u00bb height_last_edited=\u00bbon|phone\u00bb filter_saturate=\u00bb0%\u00bb link_option_url=\u00bbhttps:\/\/panbarcos.es\/reposteria\/\u00bb custom_css_main_element=\u00bbdisplay: flex;||flex-direction: column;||justify-content: center;\u00bb header_2_text_shadow_style=\u00bbpreset1&#8243; global_colors_info=\u00bb{}\u00bb filter_saturate__hover_enabled=\u00bbon|hover\u00bb filter_saturate__hover=\u00bb100%\u00bb use_background_color_gradient__hover=\u00bbon\u00bb background__hover_enabled=\u00bbon|hover\u00bb background_color_gradient_stops__hover=\u00bbrgba(0,0,0,0.55) 0%|rgba(0,0,0,0.23) 100%\u00bb]<\/p>\n<h2>Reposter\u00eda<\/h2>\n<p>[\/et_pb_text][\/et_pb_column][et_pb_column type=\u00bb1_4&#8243; _builder_version=\u00bb4.19.4&#8243; _module_preset=\u00bbdefault\u00bb global_colors_info=\u00bb{}\u00bb][et_pb_text _builder_version=\u00bb4.27.4&#8243; _module_preset=\u00bbdefault\u00bb text_text_color=\u00bb#FFFFFF\u00bb text_font_size=\u00bb23px\u00bb header_2_font=\u00bb|700|||||||\u00bb header_2_text_align=\u00bbcenter\u00bb header_2_text_color=\u00bb#FFFFFF\u00bb header_2_font_size=\u00bb45px\u00bb use_background_color_gradient=\u00bbon\u00bb background_color_gradient_stops=\u00bbrgba(0,0,0,0.55) 0%|rgba(0,0,0,0.23) 100%\u00bb background_color_gradient_overlays_image=\u00bbon\u00bb background_image=\u00bbhttps:\/\/panbarcos.es\/wp-content\/uploads\/2023\/01\/PANBARCOS-NAVEDRON-1024&#215;576-1.webp\u00bb height=\u00bb25vh\u00bb height_tablet=\u00bb25vh\u00bb height_phone=\u00bb15vh\u00bb height_last_edited=\u00bbon|phone\u00bb filter_saturate=\u00bb0%\u00bb link_option_url=\u00bbhttps:\/\/panbarcos.es\/catalogos\/index.html\u00bb link_option_url_new_window=\u00bbon\u00bb custom_css_main_element=\u00bbdisplay: flex;||flex-direction: column;||justify-content: center;\u00bb header_2_text_shadow_style=\u00bbpreset1&#8243; global_colors_info=\u00bb{}\u00bb filter_saturate__hover_enabled=\u00bbon|hover\u00bb filter_saturate__hover=\u00bb100%\u00bb use_background_color_gradient__hover=\u00bbon\u00bb background__hover_enabled=\u00bbon|hover\u00bb background_color_gradient_stops__hover=\u00bbrgba(0,0,0,0.55) 0%|rgba(0,0,0,0.23) 100%\u00bb]<\/p>\n<h2 style=\"text-align: center;\">Cat\u00e1logo<br \/>2025<\/h2>\n<p>[\/et_pb_text][\/et_pb_column][\/et_pb_row][\/et_pb_section][et_pb_section fb_built=\u00bb1&#8243; custom_padding_last_edited=\u00bbon|phone\u00bb _builder_version=\u00bb4.20.0&#8243; _module_preset=\u00bbdefault\u00bb background_color=\u00bbrgba(0,0,0,0.05)\u00bb custom_margin_tablet=\u00bb\u00bb custom_margin_phone=\u00bb0px||0px||false|false\u00bb custom_margin_last_edited=\u00bbon|phone\u00bb custom_padding=\u00bb75px|2px|75px||false|false\u00bb custom_padding_tablet=\u00bb||||false|false\u00bb custom_padding_phone=\u00bb50px||0px||false|false\u00bb global_colors_info=\u00bb{}\u00bb][et_pb_row _builder_version=\u00bb4.19.5&#8243; _module_preset=\u00bbdefault\u00bb width=\u00bb70%\u00bb width_tablet=\u00bb90%\u00bb width_phone=\u00bb80%\u00bb width_last_edited=\u00bbon|phone\u00bb max_width=\u00bb70%\u00bb max_width_tablet=\u00bb90%\u00bb max_width_phone=\u00bb80%\u00bb max_width_last_edited=\u00bbon|phone\u00bb custom_padding=\u00bb0px||25px||false|false\u00bb global_colors_info=\u00bb{}\u00bb][et_pb_column type=\u00bb4_4&#8243; _builder_version=\u00bb4.19.4&#8243; _module_preset=\u00bbdefault\u00bb global_colors_info=\u00bb{}\u00bb][et_pb_text _builder_version=\u00bb4.27.2&#8243; _module_preset=\u00bbdefault\u00bb text_font=\u00bb|||on|||||\u00bb text_text_color=\u00bb#bd935d\u00bb text_font_size=\u00bb35px\u00bb header_font=\u00bb|600|||||||\u00bb header_text_color=\u00bbgcid-373aa154-aa88-4795-b3e3-b2f6947bf80b\u00bb header_font_size=\u00bb35px\u00bb text_orientation=\u00bbcenter\u00bb text_font_size_tablet=\u00bb30px\u00bb text_font_size_phone=\u00bb28px\u00bb text_font_size_last_edited=\u00bbon|phone\u00bb text_line_height_tablet=\u00bb\u00bb text_line_height_phone=\u00bb1em\u00bb text_line_height_last_edited=\u00bbon|phone\u00bb header_font_size_tablet=\u00bb35px\u00bb header_font_size_phone=\u00bb30px\u00bb header_font_size_last_edited=\u00bbon|phone\u00bb global_colors_info=\u00bb{%22gcid-373aa154-aa88-4795-b3e3-b2f6947bf80b%22:%91%22header_text_color%22%93}\u00bb]<\/p>\n<h1>COMPROMETIDOS CON EL MEDIOAMBIENTE<\/h1>\n<p>[\/et_pb_text][et_pb_text _builder_version=\u00bb4.19.5&#8243; _module_preset=\u00bbdefault\u00bb text_font=\u00bbLato||||||||\u00bb text_text_color=\u00bb#13202e\u00bb text_font_size=\u00bb18px\u00bb text_orientation=\u00bbcenter\u00bb text_font_size_tablet=\u00bb21px\u00bb text_font_size_phone=\u00bb16px\u00bb text_font_size_last_edited=\u00bbon|phone\u00bb text_line_height_tablet=\u00bb\u00bb text_line_height_phone=\u00bb1.1em\u00bb text_line_height_last_edited=\u00bbon|phone\u00bb global_colors_info=\u00bb{}\u00bb]<\/p>\n<p>En Pan Barcos nos preocupamos por el medio ambiente, por eso hemos instalado una planta fotovoltaica de autoconsumo de una potencia de 2.000 KWP, consiguiendo grandes beneficios medioambientales en ahorro est\u00e1ndar de carbono y evitando la emisi\u00f3n de Toneladas de CO2.<\/p>\n<p>[\/et_pb_text][\/et_pb_column][\/et_pb_row][et_pb_row use_custom_gutter=\u00bbon\u00bb gutter_width=\u00bb1&#8243; custom_padding_last_edited=\u00bbon|phone\u00bb _builder_version=\u00bb4.27.2&#8243; _module_preset=\u00bbdefault\u00bb width=\u00bb70%\u00bb width_tablet=\u00bb90%\u00bb width_phone=\u00bb80%\u00bb width_last_edited=\u00bbon|phone\u00bb max_width=\u00bb70%\u00bb max_width_tablet=\u00bb90%\u00bb max_width_phone=\u00bb80%\u00bb max_width_last_edited=\u00bbon|phone\u00bb custom_padding=\u00bb25px|25px|0px|25px|false|false\u00bb custom_padding_tablet=\u00bb|0px||0px|false|false\u00bb custom_padding_phone=\u00bb|0px||0px|false|false\u00bb global_colors_info=\u00bb{}\u00bb][et_pb_column type=\u00bb4_4&#8243; _builder_version=\u00bb4.19.4&#8243; _module_preset=\u00bbdefault\u00bb global_colors_info=\u00bb{}\u00bb][et_pb_video src=\u00bbhttps:\/\/www.youtube.com\/watch?v=pQx_hnt4SVQ\u00bb _builder_version=\u00bb4.27.2&#8243; _module_preset=\u00bbdefault\u00bb width=\u00bb50%\u00bb width_tablet=\u00bb80%\u00bb width_phone=\u00bb100%\u00bb width_last_edited=\u00bbon|desktop\u00bb module_alignment=\u00bbcenter\u00bb module_alignment_tablet=\u00bbcenter\u00bb module_alignment_phone=\u00bbcenter\u00bb module_alignment_last_edited=\u00bbon|desktop\u00bb locked=\u00bboff\u00bb global_colors_info=\u00bb{}\u00bb][\/et_pb_video][\/et_pb_column][\/et_pb_row][\/et_pb_section][et_pb_section fb_built=\u00bb1&#8243; custom_padding_last_edited=\u00bbon|phone\u00bb _builder_version=\u00bb4.19.5&#8243; _module_preset=\u00bbdefault\u00bb custom_margin=\u00bb||||false|false\u00bb custom_padding=\u00bb75px||75px||false|false\u00bb custom_padding_tablet=\u00bb75px||75px||false|false\u00bb custom_padding_phone=\u00bb50px||50px||false|false\u00bb global_colors_info=\u00bb{}\u00bb][et_pb_row use_custom_gutter=\u00bbon\u00bb gutter_width=\u00bb2&#8243; _builder_version=\u00bb4.19.5&#8243; _module_preset=\u00bbdefault\u00bb width=\u00bb70%\u00bb max_width=\u00bb70%\u00bb custom_margin=\u00bb0px||0px||false|false\u00bb custom_padding=\u00bb0px||0px||false|false\u00bb global_colors_info=\u00bb{}\u00bb][et_pb_column type=\u00bb4_4&#8243; _builder_version=\u00bb4.19.4&#8243; _module_preset=\u00bbdefault\u00bb global_colors_info=\u00bb{}\u00bb][et_pb_text _builder_version=\u00bb4.20.0&#8243; _module_preset=\u00bbdefault\u00bb text_font=\u00bb|||on|||||\u00bb text_text_color=\u00bb#bd935d\u00bb text_font_size=\u00bb35px\u00bb header_font=\u00bb|600|||||||\u00bb header_text_color=\u00bbgcid-373aa154-aa88-4795-b3e3-b2f6947bf80b\u00bb header_font_size=\u00bb35px\u00bb text_orientation=\u00bbcenter\u00bb text_font_size_tablet=\u00bb30px\u00bb text_font_size_phone=\u00bb28px\u00bb text_font_size_last_edited=\u00bbon|phone\u00bb text_line_height_tablet=\u00bb\u00bb text_line_height_phone=\u00bb1em\u00bb text_line_height_last_edited=\u00bbon|phone\u00bb global_colors_info=\u00bb{%22gcid-373aa154-aa88-4795-b3e3-b2f6947bf80b%22:%91%22header_text_color%22%93}\u00bb]<\/p>\n<h1>\u00daLTIMAS NOTICIAS<\/h1>\n<p>[\/et_pb_text][\/et_pb_column][\/et_pb_row][et_pb_row use_custom_gutter=\u00bbon\u00bb _builder_version=\u00bb4.19.5&#8243; _module_preset=\u00bbdefault\u00bb width=\u00bb70%\u00bb width_tablet=\u00bb90%\u00bb width_phone=\u00bb90%\u00bb width_last_edited=\u00bbon|tablet\u00bb max_width=\u00bb70%\u00bb max_width_tablet=\u00bb90%\u00bb max_width_phone=\u00bb90%\u00bb max_width_last_edited=\u00bbon|desktop\u00bb global_colors_info=\u00bb{}\u00bb][et_pb_column type=\u00bb4_4&#8243; _builder_version=\u00bb4.19.5&#8243; _module_preset=\u00bbdefault\u00bb global_colors_info=\u00bb{}\u00bb][et_pb_blog posts_number=\u00bb5&#8243; excerpt_length=\u00bb100&#8243; show_more=\u00bbon\u00bb show_author=\u00bboff\u00bb disabled_on=\u00bbon|on|off\u00bb module_class=\u00bbet-blog-css-grid\u00bb _builder_version=\u00bb4.20.0&#8243; _module_preset=\u00bb475924e4-eaa7-406a-ab69-8e0966bb2055&#8243; header_font=\u00bb|||on|||||\u00bb header_text_color=\u00bbgcid-373aa154-aa88-4795-b3e3-b2f6947bf80b\u00bb header_font_size=\u00bb18px\u00bb body_line_height=\u00bb1.1em\u00bb meta_font=\u00bb|600|||||||\u00bb read_more_font=\u00bb|700|||on||||\u00bb read_more_text_color=\u00bbgcid-373aa154-aa88-4795-b3e3-b2f6947bf80b\u00bb read_more_font_size=\u00bb18px\u00bb read_more_line_height=\u00bb2.5em\u00bb pagination_text_color=\u00bbgcid-373aa154-aa88-4795-b3e3-b2f6947bf80b\u00bb pagination_font_size=\u00bb17px\u00bb pagination_line_height=\u00bb1em\u00bb border_width_all_fullwidth=\u00bb2px\u00bb border_color_all_fullwidth=\u00bbgcid-373aa154-aa88-4795-b3e3-b2f6947bf80b\u00bb global_colors_info=\u00bb{%22gcid-373aa154-aa88-4795-b3e3-b2f6947bf80b%22:%91%22border_color_all_fullwidth%22,%22header_text_color%22,%22read_more_text_color%22,%22pagination_text_color%22%93}\u00bb][\/et_pb_blog][et_pb_blog posts_number=\u00bb4&#8243; excerpt_length=\u00bb50&#8243; show_more=\u00bbon\u00bb show_author=\u00bboff\u00bb disabled_on=\u00bboff|off|on\u00bb module_class=\u00bbet-blog-css-grid-movil\u00bb _builder_version=\u00bb4.20.0&#8243; _module_preset=\u00bb475924e4-eaa7-406a-ab69-8e0966bb2055&#8243; header_font=\u00bb|||on|||||\u00bb header_text_color=\u00bbgcid-373aa154-aa88-4795-b3e3-b2f6947bf80b\u00bb header_font_size=\u00bb18px\u00bb body_line_height=\u00bb1.1em\u00bb meta_font=\u00bb|600|||||||\u00bb read_more_font=\u00bb|700|||on||||\u00bb read_more_text_color=\u00bbgcid-373aa154-aa88-4795-b3e3-b2f6947bf80b\u00bb read_more_font_size=\u00bb18px\u00bb read_more_line_height=\u00bb2.5em\u00bb pagination_text_color=\u00bbgcid-373aa154-aa88-4795-b3e3-b2f6947bf80b\u00bb pagination_font_size=\u00bb17px\u00bb pagination_line_height=\u00bb1em\u00bb border_width_all_fullwidth=\u00bb2px\u00bb border_color_all_fullwidth=\u00bbgcid-373aa154-aa88-4795-b3e3-b2f6947bf80b\u00bb global_colors_info=\u00bb{%22gcid-373aa154-aa88-4795-b3e3-b2f6947bf80b%22:%91%22border_color_all_fullwidth%22,%22header_text_color%22,%22read_more_text_color%22,%22pagination_text_color%22%93}\u00bb][\/et_pb_blog][et_pb_code _builder_version=\u00bb4.20.0&#8243; _module_preset=\u00bbdefault\u00bb global_colors_info=\u00bb{}\u00bb]<\/p>\n<style><!-- [et_pb_line_break_holder] -->  .et-blog-css-grid > div {<!-- [et_pb_line_break_holder] -->  display: grid;<!-- [et_pb_line_break_holder] -->  grid-template-columns: repeat(auto-fill, minmax(250px, 1fr));<!-- [et_pb_line_break_holder] -->  gap: 20px;<!-- [et_pb_line_break_holder] -->}<!-- [et_pb_line_break_holder] -->  <!-- [et_pb_line_break_holder] -->    .et-blog-css-grid-movil > div {<!-- [et_pb_line_break_holder] -->  display: grid;<!-- [et_pb_line_break_holder] -->  grid-template-columns: repeat(auto-fill, minmax(250px, 1fr));<!-- [et_pb_line_break_holder] -->  gap: 20px;<!-- [et_pb_line_break_holder] -->}<!-- [et_pb_line_break_holder] -->  <!-- [et_pb_line_break_holder] -->    .et-blog-css-grid-movil .et_pb_post {<!-- [et_pb_line_break_holder] -->  align-self: start;<!-- [et_pb_line_break_holder] -->  padding-right: 20px!important;<!-- [et_pb_line_break_holder] -->  padding-left: 20px!important;<!-- [et_pb_line_break_holder] -->  padding-top: 20px!important;<!-- [et_pb_line_break_holder] -->  padding-bottom: 20px!important;<!-- [et_pb_line_break_holder] -->  height: auto;<!-- [et_pb_line_break_holder] -->}  <!-- [et_pb_line_break_holder] -->  <!-- [et_pb_line_break_holder] -->  .et-blog-css-grid .et_pb_post {<!-- [et_pb_line_break_holder] -->  align-self: start;<!-- [et_pb_line_break_holder] -->  padding-right: 20px!important;<!-- [et_pb_line_break_holder] -->  padding-left: 20px!important;<!-- [et_pb_line_break_holder] -->  padding-top: 20px!important;<!-- [et_pb_line_break_holder] -->  padding-bottom: 20px!important;<!-- [et_pb_line_break_holder] -->  height: 450px;<!-- [et_pb_line_break_holder] -->}<!-- [et_pb_line_break_holder] -->  <!-- [et_pb_line_break_holder] --><!-- [et_pb_line_break_holder] -->  <!-- [et_pb_line_break_holder] -->  <!-- [et_pb_line_break_holder] -->  <!-- [et_pb_line_break_holder] --> .et-blog-css-grid > div > div {<!-- [et_pb_line_break_holder] -->  width: 100%;<!-- [et_pb_line_break_holder] -->  position: absolute;<!-- [et_pb_line_break_holder] -->  bottom: 0;<!-- [et_pb_line_break_holder] -->  transform: translate(0%, 150%);<!-- [et_pb_line_break_holder] -->} <!-- [et_pb_line_break_holder] -->  <!-- [et_pb_line_break_holder] -->   .et-blog-css-grid-movil > div > div {<!-- [et_pb_line_break_holder] -->  width: 100%;<!-- [et_pb_line_break_holder] -->  position: absolute;<!-- [et_pb_line_break_holder] -->  bottom: 0;<!-- [et_pb_line_break_holder] -->  transform: translate(0%, 150%);<!-- [et_pb_line_break_holder] -->} <!-- [et_pb_line_break_holder] -->  <!-- [et_pb_line_break_holder] --><\/style>\n<p>[\/et_pb_code][\/et_pb_column][\/et_pb_row][\/et_pb_section]<\/p>\n","protected":false},"excerpt":{"rendered":"<p>Esta empresa familiar ha seguido evolucionando junto a los gustos y tendencias del mercado, siendo, hoy por hoy, la 5\u00ba generaci\u00f3n en la historia de nuestra empresa.\u00a0Cumplimos con los est\u00e1ndares m\u00e1s exigentes en materia de calidad, siendo a su vez una empresa involucrada con el medio ambiente, habiendo introducido as\u00ed la ISO 22000 y la [&hellip;]<\/p>\n","protected":false},"author":2,"featured_media":0,"parent":0,"menu_order":0,"comment_status":"closed","ping_status":"closed","template":"","meta":{"_et_pb_use_builder":"on","_et_pb_old_content":"","_et_gb_content_width":"","footnotes":""},"class_list":["post-1260","page","type-page","status-publish","hentry"],"_links":{"self":[{"href":"https:\/\/panbarcos.es\/en\/wp-json\/wp\/v2\/pages\/1260","targetHints":{"allow":["GET"]}}],"collection":[{"href":"https:\/\/panbarcos.es\/en\/wp-json\/wp\/v2\/pages"}],"about":[{"href":"https:\/\/panbarcos.es\/en\/wp-json\/wp\/v2\/types\/page"}],"author":[{"embeddable":true,"href":"https:\/\/panbarcos.es\/en\/wp-json\/wp\/v2\/users\/2"}],"replies":[{"embeddable":true,"href":"https:\/\/panbarcos.es\/en\/wp-json\/wp\/v2\/comments?post=1260"}],"version-history":[{"count":11,"href":"https:\/\/panbarcos.es\/en\/wp-json\/wp\/v2\/pages\/1260\/revisions"}],"predecessor-version":[{"id":3988,"href":"https:\/\/panbarcos.es\/en\/wp-json\/wp\/v2\/pages\/1260\/revisions\/3988"}],"wp:attachment":[{"href":"https:\/\/panbarcos.es\/en\/wp-json\/wp\/v2\/media?parent=1260"}],"curies":[{"name":"wp","href":"https:\/\/api.w.org\/{rel}","templated":true}]}}